{"id":28753,"date":"2022-09-01T12:44:07","date_gmt":"2022-09-01T12:44:07","guid":{"rendered":"https:\/\/v1.chantnow.com\/?page_id=28753"},"modified":"2023-11-29T07:34:48","modified_gmt":"2023-11-29T12:34:48","slug":"courselist","status":"publish","type":"page","link":"https:\/\/v1.chantnow.com\/es\/courselist\/","title":{"rendered":"Todos los cursos"},"content":{"rendered":"<div data-elementor-type=\"wp-page\" data-elementor-id=\"28753\" class=\"elementor elementor-28753\" data-elementor-post-type=\"page\">\n\t\t\t\t\t\t<section class=\"elementor-section elementor-top-section elementor-element elementor-element-2cd843de elementor-section-full_width elementor-section-height-default elementor-section-height-default\" data-id=\"2cd843de\" data-element_type=\"section\" data-e-type=\"section\">\n\t\t\t\t\t\t<div class=\"elementor-container elementor-column-gap-no\">\n\t\t\t\t\t<div class=\"elementor-column elementor-col-100 elementor-top-column elementor-element elementor-element-506f6d78\" data-id=\"506f6d78\" data-element_type=\"column\" data-e-type=\"column\">\n\t\t\t<div class=\"elementor-widget-wrap elementor-element-populated\">\n\t\t\t\t\t\t<div class=\"elementor-element elementor-element-2de1a90c course_head elementor--h-position-center elementor--v-position-middle elementor-widget elementor-widget-slides\" data-id=\"2de1a90c\" data-element_type=\"widget\" data-e-type=\"widget\" data-settings=\"{&quot;navigation&quot;:&quot;none&quot;,&quot;transition&quot;:&quot;slide&quot;,&quot;transition_speed&quot;:500}\" data-widget_type=\"slides.default\">\n\t\t\t\t<div class=\"elementor-widget-container\">\n\t\t\t\t\t\t\t\t\t<div class=\"elementor-swiper\">\n\t\t\t\t\t<div class=\"elementor-slides-wrapper elementor-main-swiper swiper\" role=\"region\" aria-roledescription=\"carousel\" aria-label=\"Slides\" dir=\"ltr\" data-animation=\"fadeInUp\">\n\t\t\t\t<div class=\"swiper-wrapper elementor-slides\">\n\t\t\t\t\t\t\t\t\t\t<div class=\"elementor-repeater-item-f21df76 swiper-slide\" role=\"group\" aria-roledescription=\"slide\"><div class=\"swiper-slide-bg elementor-ken-burns elementor-ken-burns--in\" role=\"img\"><\/div><div class=\"elementor-background-overlay\"><\/div><div class=\"swiper-slide-inner\" ><div class=\"swiper-slide-contents\"><h1 class=\"elementor-slide-heading\">Todos los cursos<\/h1><div class=\"elementor-slide-description\">Aprenda poderosas t\u00e9cnicas de meditaci\u00f3n y explore la antigua sabidur\u00eda detr\u00e1s del canto. Ap\u00fantate al taller de canto para empezar a experimentar los dones del maha-mantra. Luego contin\u00fae su exploraci\u00f3n con nuestros cursos en profundidad.<\/div><\/div><\/div><\/div>\t\t\t\t<\/div>\n\t\t\t\t\t\t\t<\/div>\n\t\t\t\t<\/div>\n\t\t\t\t\t\t\t\t<\/div>\n\t\t\t\t<\/div>\n\t\t\t\t\t<\/div>\n\t\t<\/div>\n\t\t\t\t\t<\/div>\n\t\t<\/section>\n\t\t\t\t<section class=\"elementor-section elementor-top-section elementor-element elementor-element-f7130a2 elementor-section-full_width elementor-section-height-default elementor-section-height-default\" data-id=\"f7130a2\" data-element_type=\"section\" data-e-type=\"section\">\n\t\t\t\t\t\t<div class=\"elementor-container elementor-column-gap-default\">\n\t\t\t\t\t<div class=\"elementor-column elementor-col-100 elementor-top-column elementor-element elementor-element-f14eab5\" data-id=\"f14eab5\" data-element_type=\"column\" data-e-type=\"column\">\n\t\t\t<div class=\"elementor-widget-wrap\">\n\t\t\t\t\t\t\t<\/div>\n\t\t<\/div>\n\t\t\t\t\t<\/div>\n\t\t<\/section>\n\t\t\t\t<\/div>","protected":false},"excerpt":{"rendered":"<p>All Courses Learn Powerful Meditation Techniques and Explore the Ancient Wisdom Behind Chanting. Sign up for the chanting workshop to start experiencing the gifts of the maha-mantra. Then continue your exploration with our in-depth courses. All Courses12 My Courses12 AlphabeticalNewly CreatedMy Progress All InstructorsAnantasheshEkesvaraUrugaya In Progress 7 Lessons 7 Day Workshop Urugaya 28% Complete Last&#8230;<\/p>","protected":false},"author":23,"featured_media":0,"parent":0,"menu_order":0,"comment_status":"closed","ping_status":"closed","template":"page-fullwidth-content.php","meta":{"content-type":"","pmpro_default_level":"","_kad_post_transparent":"","_kad_post_title":"","_kad_post_layout":"","_kad_post_sidebar_id":"","_kad_post_content_style":"","_kad_post_vertical_padding":"","_kad_post_feature":"","_kad_post_feature_position":"","_kad_post_header":false,"_kad_post_footer":false,"_kad_post_classname":"","footnotes":""},"class_list":["post-28753","page","type-page","status-publish","hentry","pmpro-has-access"],"yoast_head":"<!-- This site is optimized with the Yoast SEO plugin v26.4 - https:\/\/yoast.com\/wordpress\/plugins\/seo\/ -->\n<title>All Courses - Chant Now<\/title>\n<meta name=\"description\" content=\"We offers courses in mantra meditation. It discusses what mantra meditation is and the benefits of practicing it.\" \/>\n<meta name=\"robots\" content=\"index, follow, max-snippet:-1, max-image-preview:large, max-video-preview:-1\" \/>\n<link rel=\"canonical\" href=\"https:\/\/v1.chantnow.com\/es\/courselist\/\" \/>\n<meta property=\"og:locale\" content=\"es_ES\" \/>\n<meta property=\"og:type\" content=\"article\" \/>\n<meta property=\"og:title\" content=\"All Courses - Chant Now\" \/>\n<meta property=\"og:description\" content=\"We offers courses in mantra meditation. It discusses what mantra meditation is and the benefits of practicing it.\" \/>\n<meta property=\"og:url\" content=\"https:\/\/v1.chantnow.com\/es\/courselist\/\" \/>\n<meta property=\"og:site_name\" content=\"Chant Now\" \/>\n<meta property=\"article:modified_time\" content=\"2023-11-29T12:34:48+00:00\" \/>\n<meta property=\"og:image\" content=\"https:\/\/v1.chantnow.com\/wp-content\/uploads\/2022\/03\/7-day-chanting-300x150.png\" \/>\n<meta name=\"twitter:card\" content=\"summary_large_image\" \/>\n<meta name=\"twitter:label1\" content=\"Tiempo de lectura\" \/>\n\t<meta name=\"twitter:data1\" content=\"4 minutos\" \/>\n<script type=\"application\/ld+json\" class=\"yoast-schema-graph\">{\"@context\":\"https:\/\/schema.org\",\"@graph\":[{\"@type\":\"WebPage\",\"@id\":\"https:\/\/v1.chantnow.com\/courselist\/\",\"url\":\"https:\/\/v1.chantnow.com\/courselist\/\",\"name\":\"All Courses - Chant Now\",\"isPartOf\":{\"@id\":\"https:\/\/chantnow.com\/es\/#website\"},\"primaryImageOfPage\":{\"@id\":\"https:\/\/v1.chantnow.com\/courselist\/#primaryimage\"},\"image\":{\"@id\":\"https:\/\/v1.chantnow.com\/courselist\/#primaryimage\"},\"thumbnailUrl\":\"https:\/\/v1.chantnow.com\/wp-content\/uploads\/2022\/03\/7-day-chanting-300x150.png\",\"datePublished\":\"2022-09-01T12:44:07+00:00\",\"dateModified\":\"2023-11-29T12:34:48+00:00\",\"description\":\"We offers courses in mantra meditation. It discusses what mantra meditation is and the benefits of practicing it.\",\"breadcrumb\":{\"@id\":\"https:\/\/v1.chantnow.com\/courselist\/#breadcrumb\"},\"inLanguage\":\"es\",\"potentialAction\":[{\"@type\":\"ReadAction\",\"target\":[\"https:\/\/v1.chantnow.com\/courselist\/\"]}]},{\"@type\":\"ImageObject\",\"inLanguage\":\"es\",\"@id\":\"https:\/\/v1.chantnow.com\/courselist\/#primaryimage\",\"url\":\"https:\/\/v1.chantnow.com\/wp-content\/uploads\/2022\/03\/7-day-chanting-300x150.png\",\"contentUrl\":\"https:\/\/v1.chantnow.com\/wp-content\/uploads\/2022\/03\/7-day-chanting-300x150.png\"},{\"@type\":\"BreadcrumbList\",\"@id\":\"https:\/\/v1.chantnow.com\/courselist\/#breadcrumb\",\"itemListElement\":[{\"@type\":\"ListItem\",\"position\":1,\"name\":\"Home\",\"item\":\"https:\/\/v1.chantnow.com\/\"},{\"@type\":\"ListItem\",\"position\":2,\"name\":\"All Courses\"}]},{\"@type\":\"WebSite\",\"@id\":\"https:\/\/chantnow.com\/es\/#website\",\"url\":\"https:\/\/chantnow.com\/es\/\",\"name\":\"Chant Now\",\"description\":\"Online Bhakti Community\",\"publisher\":{\"@id\":\"https:\/\/chantnow.com\/es\/#organization\"},\"potentialAction\":[{\"@type\":\"SearchAction\",\"target\":{\"@type\":\"EntryPoint\",\"urlTemplate\":\"https:\/\/chantnow.com\/es\/?s={search_term_string}\"},\"query-input\":{\"@type\":\"PropertyValueSpecification\",\"valueRequired\":true,\"valueName\":\"search_term_string\"}}],\"inLanguage\":\"es\"},{\"@type\":\"Organization\",\"@id\":\"https:\/\/chantnow.com\/es\/#organization\",\"name\":\"Chant Now\",\"url\":\"https:\/\/chantnow.com\/es\/\",\"logo\":{\"@type\":\"ImageObject\",\"inLanguage\":\"es\",\"@id\":\"https:\/\/chantnow.com\/es\/#\/schema\/logo\/image\/\",\"url\":\"https:\/\/v1.chantnow.com\/wp-content\/uploads\/2023\/07\/chant-now-logo-circle.png\",\"contentUrl\":\"https:\/\/v1.chantnow.com\/wp-content\/uploads\/2023\/07\/chant-now-logo-circle.png\",\"width\":251,\"height\":251,\"caption\":\"Chant Now\"},\"image\":{\"@id\":\"https:\/\/chantnow.com\/es\/#\/schema\/logo\/image\/\"}}]}<\/script>\n<!-- \/ Yoast SEO plugin. -->","yoast_head_json":{"title":"Todos los cursos - Chant Now","description":"Ofrecemos cursos de meditaci\u00f3n con mantras. Analiza qu\u00e9 es la meditaci\u00f3n con mantras y los beneficios de practicarla.","robots":{"index":"index","follow":"follow","max-snippet":"max-snippet:-1","max-image-preview":"max-image-preview:large","max-video-preview":"max-video-preview:-1"},"canonical":"https:\/\/v1.chantnow.com\/es\/courselist\/","og_locale":"es_ES","og_type":"article","og_title":"All Courses - Chant Now","og_description":"We offers courses in mantra meditation. It discusses what mantra meditation is and the benefits of practicing it.","og_url":"https:\/\/v1.chantnow.com\/es\/courselist\/","og_site_name":"Chant Now","article_modified_time":"2023-11-29T12:34:48+00:00","og_image":[{"url":"https:\/\/v1.chantnow.com\/wp-content\/uploads\/2022\/03\/7-day-chanting-300x150.png","type":"","width":"","height":""}],"twitter_card":"summary_large_image","twitter_misc":{"Tiempo de lectura":"4 minutos"},"schema":{"@context":"https:\/\/schema.org","@graph":[{"@type":"WebPage","@id":"https:\/\/v1.chantnow.com\/courselist\/","url":"https:\/\/v1.chantnow.com\/courselist\/","name":"Todos los cursos - Chant Now","isPartOf":{"@id":"https:\/\/chantnow.com\/es\/#website"},"primaryImageOfPage":{"@id":"https:\/\/v1.chantnow.com\/courselist\/#primaryimage"},"image":{"@id":"https:\/\/v1.chantnow.com\/courselist\/#primaryimage"},"thumbnailUrl":"https:\/\/v1.chantnow.com\/wp-content\/uploads\/2022\/03\/7-day-chanting-300x150.png","datePublished":"2022-09-01T12:44:07+00:00","dateModified":"2023-11-29T12:34:48+00:00","description":"Ofrecemos cursos de meditaci\u00f3n con mantras. Analiza qu\u00e9 es la meditaci\u00f3n con mantras y los beneficios de practicarla.","breadcrumb":{"@id":"https:\/\/v1.chantnow.com\/courselist\/#breadcrumb"},"inLanguage":"es","potentialAction":[{"@type":"ReadAction","target":["https:\/\/v1.chantnow.com\/courselist\/"]}]},{"@type":"ImageObject","inLanguage":"es","@id":"https:\/\/v1.chantnow.com\/courselist\/#primaryimage","url":"https:\/\/v1.chantnow.com\/wp-content\/uploads\/2022\/03\/7-day-chanting-300x150.png","contentUrl":"https:\/\/v1.chantnow.com\/wp-content\/uploads\/2022\/03\/7-day-chanting-300x150.png"},{"@type":"BreadcrumbList","@id":"https:\/\/v1.chantnow.com\/courselist\/#breadcrumb","itemListElement":[{"@type":"ListItem","position":1,"name":"Home","item":"https:\/\/v1.chantnow.com\/"},{"@type":"ListItem","position":2,"name":"All Courses"}]},{"@type":"WebSite","@id":"https:\/\/chantnow.com\/es\/#website","url":"https:\/\/chantnow.com\/es\/","name":"Cantar ahora","description":"Comunidad Bhakti en l\u00ednea","publisher":{"@id":"https:\/\/chantnow.com\/es\/#organization"},"potentialAction":[{"@type":"SearchAction","target":{"@type":"EntryPoint","urlTemplate":"https:\/\/chantnow.com\/es\/?s={search_term_string}"},"query-input":{"@type":"PropertyValueSpecification","valueRequired":true,"valueName":"search_term_string"}}],"inLanguage":"es"},{"@type":"Organization","@id":"https:\/\/chantnow.com\/es\/#organization","name":"Cantar ahora","url":"https:\/\/chantnow.com\/es\/","logo":{"@type":"ImageObject","inLanguage":"es","@id":"https:\/\/chantnow.com\/es\/#\/schema\/logo\/image\/","url":"https:\/\/v1.chantnow.com\/wp-content\/uploads\/2023\/07\/chant-now-logo-circle.png","contentUrl":"https:\/\/v1.chantnow.com\/wp-content\/uploads\/2023\/07\/chant-now-logo-circle.png","width":251,"height":251,"caption":"Chant Now"},"image":{"@id":"https:\/\/chantnow.com\/es\/#\/schema\/logo\/image\/"}}]}},"_links":{"self":[{"href":"https:\/\/v1.chantnow.com\/es\/wp-json\/wp\/v2\/pages\/28753","targetHints":{"allow":["GET"]}}],"collection":[{"href":"https:\/\/v1.chantnow.com\/es\/wp-json\/wp\/v2\/pages"}],"about":[{"href":"https:\/\/v1.chantnow.com\/es\/wp-json\/wp\/v2\/types\/page"}],"author":[{"embeddable":true,"href":"https:\/\/v1.chantnow.com\/es\/wp-json\/wp\/v2\/users\/23"}],"replies":[{"embeddable":true,"href":"https:\/\/v1.chantnow.com\/es\/wp-json\/wp\/v2\/comments?post=28753"}],"version-history":[{"count":69,"href":"https:\/\/v1.chantnow.com\/es\/wp-json\/wp\/v2\/pages\/28753\/revisions"}],"predecessor-version":[{"id":39883,"href":"https:\/\/v1.chantnow.com\/es\/wp-json\/wp\/v2\/pages\/28753\/revisions\/39883"}],"wp:attachment":[{"href":"https:\/\/v1.chantnow.com\/es\/wp-json\/wp\/v2\/media?parent=28753"}],"curies":[{"name":"wp","href":"https:\/\/api.w.org\/{rel}","templated":true}]}}