{"id":30973,"date":"2022-11-05T06:26:37","date_gmt":"2022-11-05T06:26:37","guid":{"rendered":"https:\/\/v1.chantnow.com\/?page_id=30973"},"modified":"2022-11-17T00:34:43","modified_gmt":"2022-11-17T00:34:43","slug":"mantra-meditation-course-enroll-with-payment","status":"publish","type":"page","link":"https:\/\/v1.chantnow.com\/es\/mantra-meditation-course-enroll-with-payment\/","title":{"rendered":"Curso de meditaci\u00f3n con mantras Inscr\u00edbase con pago"},"content":{"rendered":"<div data-elementor-type=\"wp-page\" data-elementor-id=\"30973\" class=\"elementor elementor-30973\" data-elementor-post-type=\"page\">\n\t\t\t\t\t\t<section class=\"elementor-section elementor-top-section elementor-element elementor-element-9be81d3 elementor-section-full_width elementor-section-height-min-height elementor-section-items-stretch elementor-section-height-default\" data-id=\"9be81d3\" data-element_type=\"section\" data-e-type=\"section\">\n\t\t\t\t\t\t<div class=\"elementor-container elementor-column-gap-default\">\n\t\t\t\t\t<div class=\"elementor-column elementor-col-100 elementor-top-column elementor-element elementor-element-e724795\" data-id=\"e724795\" data-element_type=\"column\" data-e-type=\"column\" data-settings=\"{&quot;background_background&quot;:&quot;classic&quot;}\">\n\t\t\t<div class=\"elementor-widget-wrap elementor-element-populated\">\n\t\t\t\t\t<div class=\"elementor-background-overlay\"><\/div>\n\t\t\t\t\t\t<div class=\"elementor-element elementor-element-a493905 elementor-widget elementor-widget-heading\" data-id=\"a493905\" data-element_type=\"widget\" data-e-type=\"widget\" data-widget_type=\"heading.default\">\n\t\t\t\t<div class=\"elementor-widget-container\">\n\t\t\t\t\t<h2 class=\"elementor-heading-title elementor-size-default\">Empiece con el curso de meditaci\u00f3n con mantras<\/h2>\t\t\t\t<\/div>\n\t\t\t\t<\/div>\n\t\t\t\t\t<\/div>\n\t\t<\/div>\n\t\t\t\t\t<\/div>\n\t\t<\/section>\n\t\t\t\t<section class=\"elementor-section elementor-top-section elementor-element elementor-element-944b7aa elementor-section-full_width elementor-section-height-default elementor-section-height-default\" data-id=\"944b7aa\" data-element_type=\"section\" data-e-type=\"section\">\n\t\t\t\t\t\t<div class=\"elementor-container elementor-column-gap-default\">\n\t\t\t\t\t<div class=\"elementor-column elementor-col-100 elementor-top-column elementor-element elementor-element-a1a326c\" data-id=\"a1a326c\" data-element_type=\"column\" data-e-type=\"column\">\n\t\t\t<div class=\"elementor-widget-wrap elementor-element-populated\">\n\t\t\t\t\t\t<div class=\"elementor-element elementor-element-ea80d06 elementor-invisible elementor-widget elementor-widget-text-editor\" data-id=\"ea80d06\" data-element_type=\"widget\" data-e-type=\"widget\" data-settings=\"{&quot;_animation&quot;:&quot;fadeInUp&quot;}\" data-widget_type=\"text-editor.default\">\n\t\t\t\t<div class=\"elementor-widget-container\">\n\t\t\t\t\t\t\t\t\t<p>Este curso profundiza en las ense\u00f1anzas de sabidur\u00eda que constituyen la base de la meditaci\u00f3n maha-mantra. Aprender\u00e1s t\u00e9cnicas para mejorar tu meditaci\u00f3n y superar obst\u00e1culos comunes en tu pr\u00e1ctica. Adem\u00e1s, explorar\u00e1s la filosof\u00eda del bhakti-yoga y el estilo de vida del que proviene el canto.<\/p>\t\t\t\t\t\t\t\t<\/div>\n\t\t\t\t<\/div>\n\t\t\t\t<div class=\"elementor-element elementor-element-c5892e6 elementor-invisible elementor-widget elementor-widget-heading\" data-id=\"c5892e6\" data-element_type=\"widget\" data-e-type=\"widget\" data-settings=\"{&quot;_animation&quot;:&quot;fadeInUp&quot;}\" data-widget_type=\"heading.default\">\n\t\t\t\t<div class=\"elementor-widget-container\">\n\t\t\t\t\t<h2 class=\"elementor-heading-title elementor-size-default\">Lo que aprender\u00e1<\/h2>\t\t\t\t<\/div>\n\t\t\t\t<\/div>\n\t\t\t\t\t<\/div>\n\t\t<\/div>\n\t\t\t\t\t<\/div>\n\t\t<\/section>\n\t\t\t\t<section class=\"elementor-section elementor-top-section elementor-element elementor-element-dbdf5cf elementor-section-full_width elementor-section-height-default elementor-section-height-default\" data-id=\"dbdf5cf\" data-element_type=\"section\" data-e-type=\"section\" data-settings=\"{&quot;background_background&quot;:&quot;classic&quot;}\">\n\t\t\t\t\t\t<div class=\"elementor-container elementor-column-gap-default\">\n\t\t\t\t\t<div class=\"elementor-column elementor-col-100 elementor-top-column elementor-element elementor-element-d341ccc\" data-id=\"d341ccc\" data-element_type=\"column\" data-e-type=\"column\">\n\t\t\t<div class=\"elementor-widget-wrap elementor-element-populated\">\n\t\t\t\t\t\t<section class=\"elementor-section elementor-inner-section elementor-element elementor-element-306390f elementor-section-full_width elementor-section-height-default elementor-section-height-default\" data-id=\"306390f\" data-element_type=\"section\" data-e-type=\"section\">\n\t\t\t\t\t\t<div class=\"elementor-container elementor-column-gap-default\">\n\t\t\t\t\t<div class=\"elementor-column elementor-col-50 elementor-inner-column elementor-element elementor-element-365dca7 elementor-invisible\" data-id=\"365dca7\" data-element_type=\"column\" data-e-type=\"column\" data-settings=\"{&quot;animation&quot;:&quot;fadeInLeft&quot;}\">\n\t\t\t<div class=\"elementor-widget-wrap elementor-element-populated\">\n\t\t\t\t\t\t<div class=\"elementor-element elementor-element-86f72e6 elementor-position-inline-start elementor-view-default elementor-mobile-position-block-start elementor-widget elementor-widget-icon-box\" data-id=\"86f72e6\" data-element_type=\"widget\" data-e-type=\"widget\" data-widget_type=\"icon-box.default\">\n\t\t\t\t<div class=\"elementor-widget-container\">\n\t\t\t\t\t\t\t<div class=\"elementor-icon-box-wrapper\">\n\n\t\t\t\t\t\t<div class=\"elementor-icon-box-icon\">\n\t\t\t\t<span  class=\"elementor-icon\">\n\t\t\t\t<i aria-hidden=\"true\" class=\"fas fa-check\"><\/i>\t\t\t\t<\/span>\n\t\t\t<\/div>\n\t\t\t\n\t\t\t\t\t\t<div class=\"elementor-icon-box-content\">\n\n\t\t\t\t\t\t\t\t\t<div class=\"elementor-icon-box-title\">\n\t\t\t\t\t\t<span  >\n\t\t\t\t\t\t\tPrincipios espirituales b\u00e1sicos del canto\t\t\t\t\t\t<\/span>\n\t\t\t\t\t<\/div>\n\t\t\t\t\n\t\t\t\t\n\t\t\t<\/div>\n\t\t\t\n\t\t<\/div>\n\t\t\t\t\t\t<\/div>\n\t\t\t\t<\/div>\n\t\t\t\t<div class=\"elementor-element elementor-element-6d83d57 elementor-position-inline-start elementor-view-default elementor-mobile-position-block-start elementor-widget elementor-widget-icon-box\" data-id=\"6d83d57\" data-element_type=\"widget\" data-e-type=\"widget\" data-widget_type=\"icon-box.default\">\n\t\t\t\t<div class=\"elementor-widget-container\">\n\t\t\t\t\t\t\t<div class=\"elementor-icon-box-wrapper\">\n\n\t\t\t\t\t\t<div class=\"elementor-icon-box-icon\">\n\t\t\t\t<span  class=\"elementor-icon\">\n\t\t\t\t<i aria-hidden=\"true\" class=\"fas fa-check\"><\/i>\t\t\t\t<\/span>\n\t\t\t<\/div>\n\t\t\t\n\t\t\t\t\t\t<div class=\"elementor-icon-box-content\">\n\n\t\t\t\t\t\t\t\t\t<div class=\"elementor-icon-box-title\">\n\t\t\t\t\t\t<span  >\n\t\t\t\t\t\t\tDesarrollar su propia Sadhana, o pr\u00e1ctica diaria.\t\t\t\t\t\t<\/span>\n\t\t\t\t\t<\/div>\n\t\t\t\t\n\t\t\t\t\n\t\t\t<\/div>\n\t\t\t\n\t\t<\/div>\n\t\t\t\t\t\t<\/div>\n\t\t\t\t<\/div>\n\t\t\t\t<div class=\"elementor-element elementor-element-b41366d elementor-position-inline-start elementor-view-default elementor-mobile-position-block-start elementor-widget elementor-widget-icon-box\" data-id=\"b41366d\" data-element_type=\"widget\" data-e-type=\"widget\" data-widget_type=\"icon-box.default\">\n\t\t\t\t<div class=\"elementor-widget-container\">\n\t\t\t\t\t\t\t<div class=\"elementor-icon-box-wrapper\">\n\n\t\t\t\t\t\t<div class=\"elementor-icon-box-icon\">\n\t\t\t\t<span  class=\"elementor-icon\">\n\t\t\t\t<i aria-hidden=\"true\" class=\"fas fa-check\"><\/i>\t\t\t\t<\/span>\n\t\t\t<\/div>\n\t\t\t\n\t\t\t\t\t\t<div class=\"elementor-icon-box-content\">\n\n\t\t\t\t\t\t\t\t\t<div class=\"elementor-icon-box-title\">\n\t\t\t\t\t\t<span  >\n\t\t\t\t\t\t\tFormas de espiritualizar su vida\t\t\t\t\t\t<\/span>\n\t\t\t\t\t<\/div>\n\t\t\t\t\n\t\t\t\t\n\t\t\t<\/div>\n\t\t\t\n\t\t<\/div>\n\t\t\t\t\t\t<\/div>\n\t\t\t\t<\/div>\n\t\t\t\t\t<\/div>\n\t\t<\/div>\n\t\t\t\t<div class=\"elementor-column elementor-col-50 elementor-inner-column elementor-element elementor-element-cd8aefb elementor-invisible\" data-id=\"cd8aefb\" data-element_type=\"column\" data-e-type=\"column\" data-settings=\"{&quot;animation&quot;:&quot;fadeInRight&quot;}\">\n\t\t\t<div class=\"elementor-widget-wrap elementor-element-populated\">\n\t\t\t\t\t\t<div class=\"elementor-element elementor-element-7730539 elementor-position-inline-start elementor-view-default elementor-mobile-position-block-start elementor-widget elementor-widget-icon-box\" data-id=\"7730539\" data-element_type=\"widget\" data-e-type=\"widget\" data-widget_type=\"icon-box.default\">\n\t\t\t\t<div class=\"elementor-widget-container\">\n\t\t\t\t\t\t\t<div class=\"elementor-icon-box-wrapper\">\n\n\t\t\t\t\t\t<div class=\"elementor-icon-box-icon\">\n\t\t\t\t<span  class=\"elementor-icon\">\n\t\t\t\t<i aria-hidden=\"true\" class=\"fas fa-check\"><\/i>\t\t\t\t<\/span>\n\t\t\t<\/div>\n\t\t\t\n\t\t\t\t\t\t<div class=\"elementor-icon-box-content\">\n\n\t\t\t\t\t\t\t\t\t<div class=\"elementor-icon-box-title\">\n\t\t\t\t\t\t<span  >\n\t\t\t\t\t\t\tT\u00e9cnicas para profundizar en la meditaci\u00f3n\t\t\t\t\t\t<\/span>\n\t\t\t\t\t<\/div>\n\t\t\t\t\n\t\t\t\t\n\t\t\t<\/div>\n\t\t\t\n\t\t<\/div>\n\t\t\t\t\t\t<\/div>\n\t\t\t\t<\/div>\n\t\t\t\t<div class=\"elementor-element elementor-element-ca6c7ab elementor-position-inline-start elementor-view-default elementor-mobile-position-block-start elementor-widget elementor-widget-icon-box\" data-id=\"ca6c7ab\" data-element_type=\"widget\" data-e-type=\"widget\" data-widget_type=\"icon-box.default\">\n\t\t\t\t<div class=\"elementor-widget-container\">\n\t\t\t\t\t\t\t<div class=\"elementor-icon-box-wrapper\">\n\n\t\t\t\t\t\t<div class=\"elementor-icon-box-icon\">\n\t\t\t\t<span  class=\"elementor-icon\">\n\t\t\t\t<i aria-hidden=\"true\" class=\"fas fa-check\"><\/i>\t\t\t\t<\/span>\n\t\t\t<\/div>\n\t\t\t\n\t\t\t\t\t\t<div class=\"elementor-icon-box-content\">\n\n\t\t\t\t\t\t\t\t\t<div class=\"elementor-icon-box-title\">\n\t\t\t\t\t\t<span  >\n\t\t\t\t\t\t\tPara despertar tu conciencia superior\t\t\t\t\t\t<\/span>\n\t\t\t\t\t<\/div>\n\t\t\t\t\n\t\t\t\t\n\t\t\t<\/div>\n\t\t\t\n\t\t<\/div>\n\t\t\t\t\t\t<\/div>\n\t\t\t\t<\/div>\n\t\t\t\t<div class=\"elementor-element elementor-element-12602c4 elementor-position-inline-start elementor-view-default elementor-mobile-position-block-start elementor-widget elementor-widget-icon-box\" data-id=\"12602c4\" data-element_type=\"widget\" data-e-type=\"widget\" data-widget_type=\"icon-box.default\">\n\t\t\t\t<div class=\"elementor-widget-container\">\n\t\t\t\t\t\t\t<div class=\"elementor-icon-box-wrapper\">\n\n\t\t\t\t\t\t<div class=\"elementor-icon-box-icon\">\n\t\t\t\t<span  class=\"elementor-icon\">\n\t\t\t\t<i aria-hidden=\"true\" class=\"fas fa-check\"><\/i>\t\t\t\t<\/span>\n\t\t\t<\/div>\n\t\t\t\n\t\t\t\t\t\t<div class=\"elementor-icon-box-content\">\n\n\t\t\t\t\t\t\t\t\t<div class=\"elementor-icon-box-title\">\n\t\t\t\t\t\t<span  >\n\t\t\t\t\t\t\tC\u00f3mo utilizar las cuentas de meditaci\u00f3n\t\t\t\t\t\t<\/span>\n\t\t\t\t\t<\/div>\n\t\t\t\t\n\t\t\t\t\n\t\t\t<\/div>\n\t\t\t\n\t\t<\/div>\n\t\t\t\t\t\t<\/div>\n\t\t\t\t<\/div>\n\t\t\t\t\t<\/div>\n\t\t<\/div>\n\t\t\t\t\t<\/div>\n\t\t<\/section>\n\t\t\t\t\t<\/div>\n\t\t<\/div>\n\t\t\t\t\t<\/div>\n\t\t<\/section>\n\t\t\t\t<section class=\"elementor-section elementor-top-section elementor-element elementor-element-d4529c9 elementor-section-boxed elementor-section-height-default elementor-section-height-default\" data-id=\"d4529c9\" data-element_type=\"section\" data-e-type=\"section\">\n\t\t\t\t\t\t<div class=\"elementor-container elementor-column-gap-default\">\n\t\t\t\t\t<div class=\"elementor-column elementor-col-100 elementor-top-column elementor-element elementor-element-a61c1b9 animated-slow elementor-invisible\" data-id=\"a61c1b9\" data-element_type=\"column\" data-e-type=\"column\" data-settings=\"{&quot;animation&quot;:&quot;bounce&quot;}\">\n\t\t\t<div class=\"elementor-widget-wrap elementor-element-populated\">\n\t\t\t\t\t\t<div class=\"elementor-element elementor-element-1c2c020 eael-gravity-form-button-custom elementor-widget elementor-widget-eael-gravity-form\" data-id=\"1c2c020\" data-element_type=\"widget\" data-e-type=\"widget\" data-widget_type=\"eael-gravity-form.default\">\n\t\t\t\t<div class=\"elementor-widget-container\">\n\t\t\t\t\t\t\t\t<div class=\"eael-contact-form eael-gravity-form eael-contact-form-align-default\">\n\t\t        \t\t\t<\/div>\n            \t\t\t\t<\/div>\n\t\t\t\t<\/div>\n\t\t\t\t\t<\/div>\n\t\t<\/div>\n\t\t\t\t\t<\/div>\n\t\t<\/section>\n\t\t\t\t<\/div>","protected":false},"excerpt":{"rendered":"<p>Get started with the Mantra Meditation course This course takes you deeper into the wisdom teachings at the foundation of maha-mantra meditation. You will learn techniques for enhancing your meditation and overcoming common obstacles in your practice. And, you will explore the bhakti-yoga philosophy and lifestyle that chanting comes from. What you\u2019ll learn Core spiritual&#8230;<\/p>","protected":false},"author":23,"featured_media":0,"parent":0,"menu_order":0,"comment_status":"closed","ping_status":"closed","template":"page-fullwidth-content.php","meta":{"content-type":"","pmpro_default_level":"","_kad_post_transparent":"","_kad_post_title":"","_kad_post_layout":"","_kad_post_sidebar_id":"","_kad_post_content_style":"","_kad_post_vertical_padding":"","_kad_post_feature":"","_kad_post_feature_position":"","_kad_post_header":false,"_kad_post_footer":false,"_kad_post_classname":"","footnotes":""},"class_list":["post-30973","page","type-page","status-publish","hentry","pmpro-has-access"],"yoast_head":"<!-- This site is optimized with the Yoast SEO plugin v26.4 - https:\/\/yoast.com\/wordpress\/plugins\/seo\/ -->\n<title>Mantra Meditation course Enroll with payment - Chant Now<\/title>\n<meta name=\"robots\" content=\"index, follow, max-snippet:-1, max-image-preview:large, max-video-preview:-1\" \/>\n<link rel=\"canonical\" href=\"https:\/\/v1.chantnow.com\/es\/mantra-meditation-course-enroll-with-payment\/\" \/>\n<meta property=\"og:locale\" content=\"es_ES\" \/>\n<meta property=\"og:type\" content=\"article\" \/>\n<meta property=\"og:title\" content=\"Mantra Meditation course Enroll with payment - Chant Now\" \/>\n<meta property=\"og:description\" content=\"Get started with the Mantra Meditation course This course takes you deeper into the wisdom teachings at the foundation of maha-mantra meditation. You will learn techniques for enhancing your meditation and overcoming common obstacles in your practice. And, you will explore the bhakti-yoga philosophy and lifestyle that chanting comes from. What you\u2019ll learn Core spiritual...\" \/>\n<meta property=\"og:url\" content=\"https:\/\/v1.chantnow.com\/es\/mantra-meditation-course-enroll-with-payment\/\" \/>\n<meta property=\"og:site_name\" content=\"Chant Now\" \/>\n<meta property=\"article:modified_time\" content=\"2022-11-17T00:34:43+00:00\" \/>\n<meta property=\"og:image\" content=\"https:\/\/v1.chantnow.com\/wp-content\/plugins\/gravityformscoupons\/images\/spinner.gif\" \/>\n<meta name=\"twitter:card\" content=\"summary_large_image\" \/>\n<meta name=\"twitter:label1\" content=\"Tiempo de lectura\" \/>\n\t<meta name=\"twitter:data1\" content=\"2 minutos\" \/>\n<script type=\"application\/ld+json\" class=\"yoast-schema-graph\">{\"@context\":\"https:\/\/schema.org\",\"@graph\":[{\"@type\":\"WebPage\",\"@id\":\"https:\/\/v1.chantnow.com\/mantra-meditation-course-enroll-with-payment\/\",\"url\":\"https:\/\/v1.chantnow.com\/mantra-meditation-course-enroll-with-payment\/\",\"name\":\"Mantra Meditation course Enroll with payment - Chant Now\",\"isPartOf\":{\"@id\":\"https:\/\/chantnow.com\/es\/#website\"},\"primaryImageOfPage\":{\"@id\":\"https:\/\/v1.chantnow.com\/mantra-meditation-course-enroll-with-payment\/#primaryimage\"},\"image\":{\"@id\":\"https:\/\/v1.chantnow.com\/mantra-meditation-course-enroll-with-payment\/#primaryimage\"},\"thumbnailUrl\":\"https:\/\/v1.chantnow.com\/wp-content\/plugins\/gravityformscoupons\/images\/spinner.gif\",\"datePublished\":\"2022-11-05T06:26:37+00:00\",\"dateModified\":\"2022-11-17T00:34:43+00:00\",\"breadcrumb\":{\"@id\":\"https:\/\/v1.chantnow.com\/mantra-meditation-course-enroll-with-payment\/#breadcrumb\"},\"inLanguage\":\"es\",\"potentialAction\":[{\"@type\":\"ReadAction\",\"target\":[\"https:\/\/v1.chantnow.com\/mantra-meditation-course-enroll-with-payment\/\"]}]},{\"@type\":\"ImageObject\",\"inLanguage\":\"es\",\"@id\":\"https:\/\/v1.chantnow.com\/mantra-meditation-course-enroll-with-payment\/#primaryimage\",\"url\":\"https:\/\/v1.chantnow.com\/wp-content\/plugins\/gravityformscoupons\/images\/spinner.gif\",\"contentUrl\":\"https:\/\/v1.chantnow.com\/wp-content\/plugins\/gravityformscoupons\/images\/spinner.gif\"},{\"@type\":\"BreadcrumbList\",\"@id\":\"https:\/\/v1.chantnow.com\/mantra-meditation-course-enroll-with-payment\/#breadcrumb\",\"itemListElement\":[{\"@type\":\"ListItem\",\"position\":1,\"name\":\"Home\",\"item\":\"https:\/\/v1.chantnow.com\/\"},{\"@type\":\"ListItem\",\"position\":2,\"name\":\"Mantra Meditation course Enroll with payment\"}]},{\"@type\":\"WebSite\",\"@id\":\"https:\/\/chantnow.com\/es\/#website\",\"url\":\"https:\/\/chantnow.com\/es\/\",\"name\":\"Chant Now\",\"description\":\"Online Bhakti Community\",\"publisher\":{\"@id\":\"https:\/\/chantnow.com\/es\/#organization\"},\"potentialAction\":[{\"@type\":\"SearchAction\",\"target\":{\"@type\":\"EntryPoint\",\"urlTemplate\":\"https:\/\/chantnow.com\/es\/?s={search_term_string}\"},\"query-input\":{\"@type\":\"PropertyValueSpecification\",\"valueRequired\":true,\"valueName\":\"search_term_string\"}}],\"inLanguage\":\"es\"},{\"@type\":\"Organization\",\"@id\":\"https:\/\/chantnow.com\/es\/#organization\",\"name\":\"Chant Now\",\"url\":\"https:\/\/chantnow.com\/es\/\",\"logo\":{\"@type\":\"ImageObject\",\"inLanguage\":\"es\",\"@id\":\"https:\/\/chantnow.com\/es\/#\/schema\/logo\/image\/\",\"url\":\"https:\/\/v1.chantnow.com\/wp-content\/uploads\/2023\/07\/chant-now-logo-circle.png\",\"contentUrl\":\"https:\/\/v1.chantnow.com\/wp-content\/uploads\/2023\/07\/chant-now-logo-circle.png\",\"width\":251,\"height\":251,\"caption\":\"Chant Now\"},\"image\":{\"@id\":\"https:\/\/chantnow.com\/es\/#\/schema\/logo\/image\/\"}}]}<\/script>\n<!-- \/ Yoast SEO plugin. -->","yoast_head_json":{"title":"Curso de meditaci\u00f3n con mantras Inscr\u00edbase con pago - Chant Now","robots":{"index":"index","follow":"follow","max-snippet":"max-snippet:-1","max-image-preview":"max-image-preview:large","max-video-preview":"max-video-preview:-1"},"canonical":"https:\/\/v1.chantnow.com\/es\/mantra-meditation-course-enroll-with-payment\/","og_locale":"es_ES","og_type":"article","og_title":"Mantra Meditation course Enroll with payment - Chant Now","og_description":"Get started with the Mantra Meditation course This course takes you deeper into the wisdom teachings at the foundation of maha-mantra meditation. You will learn techniques for enhancing your meditation and overcoming common obstacles in your practice. And, you will explore the bhakti-yoga philosophy and lifestyle that chanting comes from. What you\u2019ll learn Core spiritual...","og_url":"https:\/\/v1.chantnow.com\/es\/mantra-meditation-course-enroll-with-payment\/","og_site_name":"Chant Now","article_modified_time":"2022-11-17T00:34:43+00:00","og_image":[{"url":"https:\/\/v1.chantnow.com\/wp-content\/plugins\/gravityformscoupons\/images\/spinner.gif","type":"","width":"","height":""}],"twitter_card":"summary_large_image","twitter_misc":{"Tiempo de lectura":"2 minutos"},"schema":{"@context":"https:\/\/schema.org","@graph":[{"@type":"WebPage","@id":"https:\/\/v1.chantnow.com\/mantra-meditation-course-enroll-with-payment\/","url":"https:\/\/v1.chantnow.com\/mantra-meditation-course-enroll-with-payment\/","name":"Curso de meditaci\u00f3n con mantras Inscr\u00edbase con pago - Chant Now","isPartOf":{"@id":"https:\/\/chantnow.com\/es\/#website"},"primaryImageOfPage":{"@id":"https:\/\/v1.chantnow.com\/mantra-meditation-course-enroll-with-payment\/#primaryimage"},"image":{"@id":"https:\/\/v1.chantnow.com\/mantra-meditation-course-enroll-with-payment\/#primaryimage"},"thumbnailUrl":"https:\/\/v1.chantnow.com\/wp-content\/plugins\/gravityformscoupons\/images\/spinner.gif","datePublished":"2022-11-05T06:26:37+00:00","dateModified":"2022-11-17T00:34:43+00:00","breadcrumb":{"@id":"https:\/\/v1.chantnow.com\/mantra-meditation-course-enroll-with-payment\/#breadcrumb"},"inLanguage":"es","potentialAction":[{"@type":"ReadAction","target":["https:\/\/v1.chantnow.com\/mantra-meditation-course-enroll-with-payment\/"]}]},{"@type":"ImageObject","inLanguage":"es","@id":"https:\/\/v1.chantnow.com\/mantra-meditation-course-enroll-with-payment\/#primaryimage","url":"https:\/\/v1.chantnow.com\/wp-content\/plugins\/gravityformscoupons\/images\/spinner.gif","contentUrl":"https:\/\/v1.chantnow.com\/wp-content\/plugins\/gravityformscoupons\/images\/spinner.gif"},{"@type":"BreadcrumbList","@id":"https:\/\/v1.chantnow.com\/mantra-meditation-course-enroll-with-payment\/#breadcrumb","itemListElement":[{"@type":"ListItem","position":1,"name":"Home","item":"https:\/\/v1.chantnow.com\/"},{"@type":"ListItem","position":2,"name":"Mantra Meditation course Enroll with payment"}]},{"@type":"WebSite","@id":"https:\/\/chantnow.com\/es\/#website","url":"https:\/\/chantnow.com\/es\/","name":"Cantar ahora","description":"Comunidad Bhakti en l\u00ednea","publisher":{"@id":"https:\/\/chantnow.com\/es\/#organization"},"potentialAction":[{"@type":"SearchAction","target":{"@type":"EntryPoint","urlTemplate":"https:\/\/chantnow.com\/es\/?s={search_term_string}"},"query-input":{"@type":"PropertyValueSpecification","valueRequired":true,"valueName":"search_term_string"}}],"inLanguage":"es"},{"@type":"Organization","@id":"https:\/\/chantnow.com\/es\/#organization","name":"Cantar ahora","url":"https:\/\/chantnow.com\/es\/","logo":{"@type":"ImageObject","inLanguage":"es","@id":"https:\/\/chantnow.com\/es\/#\/schema\/logo\/image\/","url":"https:\/\/v1.chantnow.com\/wp-content\/uploads\/2023\/07\/chant-now-logo-circle.png","contentUrl":"https:\/\/v1.chantnow.com\/wp-content\/uploads\/2023\/07\/chant-now-logo-circle.png","width":251,"height":251,"caption":"Chant Now"},"image":{"@id":"https:\/\/chantnow.com\/es\/#\/schema\/logo\/image\/"}}]}},"_links":{"self":[{"href":"https:\/\/v1.chantnow.com\/es\/wp-json\/wp\/v2\/pages\/30973","targetHints":{"allow":["GET"]}}],"collection":[{"href":"https:\/\/v1.chantnow.com\/es\/wp-json\/wp\/v2\/pages"}],"about":[{"href":"https:\/\/v1.chantnow.com\/es\/wp-json\/wp\/v2\/types\/page"}],"author":[{"embeddable":true,"href":"https:\/\/v1.chantnow.com\/es\/wp-json\/wp\/v2\/users\/23"}],"replies":[{"embeddable":true,"href":"https:\/\/v1.chantnow.com\/es\/wp-json\/wp\/v2\/comments?post=30973"}],"version-history":[{"count":44,"href":"https:\/\/v1.chantnow.com\/es\/wp-json\/wp\/v2\/pages\/30973\/revisions"}],"predecessor-version":[{"id":31771,"href":"https:\/\/v1.chantnow.com\/es\/wp-json\/wp\/v2\/pages\/30973\/revisions\/31771"}],"wp:attachment":[{"href":"https:\/\/v1.chantnow.com\/es\/wp-json\/wp\/v2\/media?parent=30973"}],"curies":[{"name":"wp","href":"https:\/\/api.w.org\/{rel}","templated":true}]}}