{"id":32840,"date":"2023-01-03T07:20:24","date_gmt":"2023-01-03T07:20:24","guid":{"rendered":"https:\/\/v1.chantnow.com\/?page_id=32840"},"modified":"2023-01-03T07:44:29","modified_gmt":"2023-01-03T07:44:29","slug":"the-maha-mantra-for-printing","status":"publish","type":"page","link":"https:\/\/v1.chantnow.com\/es\/the-maha-mantra-for-printing\/","title":{"rendered":"El Maha-Mantra \u2013 para imprimir"},"content":{"rendered":"<div data-elementor-type=\"wp-page\" data-elementor-id=\"32840\" class=\"elementor elementor-32840\" data-elementor-post-type=\"page\">\n\t\t\t\t\t\t<section class=\"elementor-section elementor-top-section elementor-element elementor-element-3317e39 elementor-section-full_width elementor-section-height-default elementor-section-height-default\" data-id=\"3317e39\" data-element_type=\"section\" data-e-type=\"section\">\n\t\t\t\t\t\t<div class=\"elementor-container elementor-column-gap-default\">\n\t\t\t\t\t<div class=\"elementor-column elementor-col-100 elementor-top-column elementor-element elementor-element-b656b21\" data-id=\"b656b21\" data-element_type=\"column\" data-e-type=\"column\" data-settings=\"{&quot;background_background&quot;:&quot;classic&quot;}\">\n\t\t\t<div class=\"elementor-widget-wrap elementor-element-populated\">\n\t\t\t\t\t\t<div class=\"elementor-element elementor-element-02fed4f elementor--h-position-center elementor--v-position-middle elementor-widget elementor-widget-slides\" data-id=\"02fed4f\" data-element_type=\"widget\" data-e-type=\"widget\" data-settings=\"{&quot;navigation&quot;:&quot;none&quot;,&quot;infinite&quot;:&quot;yes&quot;,&quot;transition&quot;:&quot;slide&quot;,&quot;transition_speed&quot;:500}\" data-widget_type=\"slides.default\">\n\t\t\t\t<div class=\"elementor-widget-container\">\n\t\t\t\t\t\t\t\t\t<div class=\"elementor-swiper\">\n\t\t\t\t\t<div class=\"elementor-slides-wrapper elementor-main-swiper swiper\" role=\"region\" aria-roledescription=\"carousel\" aria-label=\"Slides\" dir=\"ltr\" data-animation=\"fadeInUp\">\n\t\t\t\t<div class=\"swiper-wrapper elementor-slides\">\n\t\t\t\t\t\t\t\t\t\t<div class=\"elementor-repeater-item-1a4c09a swiper-slide\" role=\"group\" aria-roledescription=\"slide\"><div class=\"swiper-slide-bg elementor-ken-burns elementor-ken-burns--in\" role=\"img\"><\/div><div class=\"elementor-background-overlay\"><\/div><div class=\"swiper-slide-inner\" ><div class=\"swiper-slide-contents\"><div class=\"elementor-slide-heading\">El Maha-Mantra<\/div><div class=\"elementor-slide-description\">Aqu\u00ed encontrar\u00e1s un recurso gratuito para aquellos que buscan el Maha Mantra art\u00edstico. Puedes imprimirlo y colocarlo en tu lugar sagrado de Meditaci\u00f3n Mantra.<\/div><\/div><\/div><\/div>\t\t\t\t<\/div>\n\t\t\t\t\t\t\t<\/div>\n\t\t\t\t<\/div>\n\t\t\t\t\t\t\t\t<\/div>\n\t\t\t\t<\/div>\n\t\t\t\t\t<\/div>\n\t\t<\/div>\n\t\t\t\t\t<\/div>\n\t\t<\/section>\n\t\t\t\t<section class=\"elementor-section elementor-top-section elementor-element elementor-element-6e9b9e7e elementor-section-full_width elementor-section-height-default elementor-section-height-default\" data-id=\"6e9b9e7e\" data-element_type=\"section\" data-e-type=\"section\">\n\t\t\t\t\t\t<div class=\"elementor-container elementor-column-gap-default\">\n\t\t\t\t\t<div class=\"elementor-column elementor-col-100 elementor-top-column elementor-element elementor-element-4f3d74d\" data-id=\"4f3d74d\" data-element_type=\"column\" data-e-type=\"column\">\n\t\t\t<div class=\"elementor-widget-wrap elementor-element-populated\">\n\t\t\t\t\t\t<div class=\"elementor-element elementor-element-6aab05d7 elementor-widget elementor-widget-text-editor\" data-id=\"6aab05d7\" data-element_type=\"widget\" data-e-type=\"widget\" data-widget_type=\"text-editor.default\">\n\t\t\t\t<div class=\"elementor-widget-container\">\n\t\t\t\t\t\t\t\t\t<h1 style=\"text-align: center;\">El Maha-Mantra \u2013 para imprimir<\/h1><p style=\"text-align: center;\">Aqu\u00ed encontrar\u00e1s nuestra creciente biblioteca de Maha mantra art\u00edstico. Lo hemos proporcionado gratuitamente para que lo descargues, imprimas y enmarques, y para que lo utilices en la creaci\u00f3n de un espacio sagrado para tu propia pr\u00e1ctica diaria de meditaci\u00f3n bhakti-yoga. Crear un espacio sagrado para tu pr\u00e1ctica espiritual es inspirador y realmente ayuda a promover la atm\u00f3sfera adecuada para meditar en casa.<\/p><p style=\"text-align: center;\"><em>No se solicitan correos electr\u00f3nicos ni datos personales. Para descargarlo, haga clic en la imagen inferior para obtener la versi\u00f3n de alta resoluci\u00f3n y, a continuaci\u00f3n, haga clic con el bot\u00f3n derecho y seleccione \"Guardar imagen como\" para guardarla en su ordenador.<\/em><\/p>\t\t\t\t\t\t\t\t<\/div>\n\t\t\t\t<\/div>\n\t\t\t\t\t<\/div>\n\t\t<\/div>\n\t\t\t\t\t<\/div>\n\t\t<\/section>\n\t\t\t\t<section class=\"elementor-section elementor-top-section elementor-element elementor-element-b711756 elementor-section-full_width elementor-section-height-default elementor-section-height-default\" data-id=\"b711756\" data-element_type=\"section\" data-e-type=\"section\">\n\t\t\t\t\t\t<div class=\"elementor-container elementor-column-gap-default\">\n\t\t\t\t\t<div class=\"elementor-column elementor-col-100 elementor-top-column elementor-element elementor-element-302e94c\" data-id=\"302e94c\" data-element_type=\"column\" data-e-type=\"column\">\n\t\t\t<div class=\"elementor-widget-wrap elementor-element-populated\">\n\t\t\t\t\t\t<div class=\"elementor-element elementor-element-fcd8146 elementor-widget elementor-widget-heading\" data-id=\"fcd8146\" data-element_type=\"widget\" data-e-type=\"widget\" data-widget_type=\"heading.default\">\n\t\t\t\t<div class=\"elementor-widget-container\">\n\t\t\t\t\t<h2 class=\"elementor-heading-title elementor-size-default\">El Maha-Mantra<\/h2>\t\t\t\t<\/div>\n\t\t\t\t<\/div>\n\t\t\t\t<div class=\"elementor-element elementor-element-3a65c9b elementor-widget elementor-widget-image-gallery\" data-id=\"3a65c9b\" data-element_type=\"widget\" data-e-type=\"widget\" data-widget_type=\"image-gallery.default\">\n\t\t\t\t<div class=\"elementor-widget-container\">\n\t\t\t\t\t\t\t<div class=\"elementor-image-gallery\">\n\t\t\t<div id='gallery-1' class='gallery galleryid-32840 gallery-columns-4 gallery-size-medium_large'><figure class='gallery-item'>\n\t\t\t<div class='gallery-icon portrait'>\n\t\t\t\t<a data-elementor-open-lightbox=\"yes\" data-elementor-lightbox-slideshow=\"3a65c9b\" data-elementor-lightbox-title=\"Maha-mantra\" data-e-action-hash=\"#elementor-action%3Aaction%3Dlightbox%26settings%3DeyJpZCI6MjgyNzQsInVybCI6Imh0dHBzOlwvXC92MS5jaGFudG5vdy5jb21cL3dwLWNvbnRlbnRcL3VwbG9hZHNcLzIwMjJcLzA4XC9rcmlzaG5hLW5hbWVzLWtyaV9jLmpwZyIsInNsaWRlc2hvdyI6IjNhNjVjOWIifQ%3D%3D\" href='https:\/\/v1.chantnow.com\/wp-content\/uploads\/2022\/08\/krishna-names-kri_c.jpg'><img fetchpriority=\"high\" decoding=\"async\" width=\"400\" height=\"519\" src=\"https:\/\/v1.chantnow.com\/wp-content\/uploads\/2022\/08\/krishna-names-kri_c.jpg\" class=\"attachment-medium_large size-medium_large\" alt=\"\" aria-describedby=\"gallery-1-28274\" \/><\/a>\n\t\t\t<\/div>\n\t\t\t\t<figcaption class='wp-caption-text gallery-caption' id='gallery-1-28274'>\n\t\t\t\tMaha-mantra\n\t\t\t\t<\/figcaption><\/figure><figure class='gallery-item'>\n\t\t\t<div class='gallery-icon landscape'>\n\t\t\t\t<a data-elementor-open-lightbox=\"yes\" data-elementor-lightbox-slideshow=\"3a65c9b\" data-elementor-lightbox-title=\"maxresdefault (2)\" data-e-action-hash=\"#elementor-action%3Aaction%3Dlightbox%26settings%3DeyJpZCI6MzI4NDMsInVybCI6Imh0dHBzOlwvXC92MS5jaGFudG5vdy5jb21cL3dwLWNvbnRlbnRcL3VwbG9hZHNcLzIwMjNcLzAxXC9tYXhyZXNkZWZhdWx0LTIuanBnIiwic2xpZGVzaG93IjoiM2E2NWM5YiJ9\" href='https:\/\/v1.chantnow.com\/wp-content\/uploads\/2023\/01\/maxresdefault-2.jpg'><img decoding=\"async\" width=\"768\" height=\"432\" src=\"https:\/\/v1.chantnow.com\/wp-content\/uploads\/2023\/01\/maxresdefault-2-768x432.jpg\" class=\"attachment-medium_large size-medium_large\" alt=\"\" aria-describedby=\"gallery-1-32843\" srcset=\"https:\/\/v1.chantnow.com\/wp-content\/uploads\/2023\/01\/maxresdefault-2-768x432.jpg 768w, https:\/\/v1.chantnow.com\/wp-content\/uploads\/2023\/01\/maxresdefault-2-600x338.jpg 600w, https:\/\/v1.chantnow.com\/wp-content\/uploads\/2023\/01\/maxresdefault-2-300x169.jpg 300w, https:\/\/v1.chantnow.com\/wp-content\/uploads\/2023\/01\/maxresdefault-2-1024x576.jpg 1024w, https:\/\/v1.chantnow.com\/wp-content\/uploads\/2023\/01\/maxresdefault-2-18x10.jpg 18w, https:\/\/v1.chantnow.com\/wp-content\/uploads\/2023\/01\/maxresdefault-2-624x351.jpg 624w, https:\/\/v1.chantnow.com\/wp-content\/uploads\/2023\/01\/maxresdefault-2.jpg 1280w\" sizes=\"(max-width: 768px) 100vw, 768px\" \/><\/a>\n\t\t\t<\/div>\n\t\t\t\t<figcaption class='wp-caption-text gallery-caption' id='gallery-1-32843'>\n\t\t\t\tMaha-mantra\n\t\t\t\t<\/figcaption><\/figure><figure class='gallery-item'>\n\t\t\t<div class='gallery-icon landscape'>\n\t\t\t\t<a data-elementor-open-lightbox=\"yes\" data-elementor-lightbox-slideshow=\"3a65c9b\" data-elementor-lightbox-title=\"Maha-mantra\" data-e-action-hash=\"#elementor-action%3Aaction%3Dlightbox%26settings%3DeyJpZCI6MzI4NDUsInVybCI6Imh0dHBzOlwvXC92MS5jaGFudG5vdy5jb21cL3dwLWNvbnRlbnRcL3VwbG9hZHNcLzIwMjNcLzAxXC9NYWhhLW1hbnRyYS5wbmciLCJzbGlkZXNob3ciOiIzYTY1YzliIn0%3D\" href='https:\/\/v1.chantnow.com\/wp-content\/uploads\/2023\/01\/Maha-mantra.png'><img decoding=\"async\" width=\"600\" height=\"239\" src=\"https:\/\/v1.chantnow.com\/wp-content\/uploads\/2023\/01\/Maha-mantra.png\" class=\"attachment-medium_large size-medium_large\" alt=\"\" aria-describedby=\"gallery-1-32845\" srcset=\"https:\/\/v1.chantnow.com\/wp-content\/uploads\/2023\/01\/Maha-mantra.png 600w, https:\/\/v1.chantnow.com\/wp-content\/uploads\/2023\/01\/Maha-mantra-300x120.png 300w, https:\/\/v1.chantnow.com\/wp-content\/uploads\/2023\/01\/Maha-mantra-18x7.png 18w\" sizes=\"(max-width: 600px) 100vw, 600px\" \/><\/a>\n\t\t\t<\/div>\n\t\t\t\t<figcaption class='wp-caption-text gallery-caption' id='gallery-1-32845'>\n\t\t\t\tMaha-mantra\n\t\t\t\t<\/figcaption><\/figure><figure class='gallery-item'>\n\t\t\t<div class='gallery-icon portrait'>\n\t\t\t\t<a data-elementor-open-lightbox=\"yes\" data-elementor-lightbox-slideshow=\"3a65c9b\" data-elementor-lightbox-title=\"mantra1\" data-e-action-hash=\"#elementor-action%3Aaction%3Dlightbox%26settings%3DeyJpZCI6MzI4NDcsInVybCI6Imh0dHBzOlwvXC92MS5jaGFudG5vdy5jb21cL3dwLWNvbnRlbnRcL3VwbG9hZHNcLzIwMjNcLzAxXC9tYW50cmExLmpwZyIsInNsaWRlc2hvdyI6IjNhNjVjOWIifQ%3D%3D\" href='https:\/\/v1.chantnow.com\/wp-content\/uploads\/2023\/01\/mantra1.jpg'><img loading=\"lazy\" decoding=\"async\" width=\"239\" height=\"452\" src=\"https:\/\/v1.chantnow.com\/wp-content\/uploads\/2023\/01\/mantra1.jpg\" class=\"attachment-medium_large size-medium_large\" alt=\"\" aria-describedby=\"gallery-1-32847\" srcset=\"https:\/\/v1.chantnow.com\/wp-content\/uploads\/2023\/01\/mantra1.jpg 239w, https:\/\/v1.chantnow.com\/wp-content\/uploads\/2023\/01\/mantra1-159x300.jpg 159w, https:\/\/v1.chantnow.com\/wp-content\/uploads\/2023\/01\/mantra1-6x12.jpg 6w\" sizes=\"(max-width: 239px) 100vw, 239px\" \/><\/a>\n\t\t\t<\/div>\n\t\t\t\t<figcaption class='wp-caption-text gallery-caption' id='gallery-1-32847'>\n\t\t\t\tMaha-mantra\n\t\t\t\t<\/figcaption><\/figure><figure class='gallery-item'>\n\t\t\t<div class='gallery-icon portrait'>\n\t\t\t\t<a data-elementor-open-lightbox=\"yes\" data-elementor-lightbox-slideshow=\"3a65c9b\" data-elementor-lightbox-title=\"mmhk\" data-e-action-hash=\"#elementor-action%3Aaction%3Dlightbox%26settings%3DeyJpZCI6MzI4NTEsInVybCI6Imh0dHBzOlwvXC92MS5jaGFudG5vdy5jb21cL3dwLWNvbnRlbnRcL3VwbG9hZHNcLzIwMjNcLzAxXC9tbWhrLmpwZyIsInNsaWRlc2hvdyI6IjNhNjVjOWIifQ%3D%3D\" href='https:\/\/v1.chantnow.com\/wp-content\/uploads\/2023\/01\/mmhk.jpg'><img loading=\"lazy\" decoding=\"async\" width=\"768\" height=\"1086\" src=\"https:\/\/v1.chantnow.com\/wp-content\/uploads\/2023\/01\/mmhk-768x1086.jpg\" class=\"attachment-medium_large size-medium_large\" alt=\"\" aria-describedby=\"gallery-1-32851\" srcset=\"https:\/\/v1.chantnow.com\/wp-content\/uploads\/2023\/01\/mmhk-768x1086.jpg 768w, https:\/\/v1.chantnow.com\/wp-content\/uploads\/2023\/01\/mmhk-600x849.jpg 600w, https:\/\/v1.chantnow.com\/wp-content\/uploads\/2023\/01\/mmhk-212x300.jpg 212w, https:\/\/v1.chantnow.com\/wp-content\/uploads\/2023\/01\/mmhk-724x1024.jpg 724w, https:\/\/v1.chantnow.com\/wp-content\/uploads\/2023\/01\/mmhk-1086x1536.jpg 1086w, https:\/\/v1.chantnow.com\/wp-content\/uploads\/2023\/01\/mmhk-8x12.jpg 8w, https:\/\/v1.chantnow.com\/wp-content\/uploads\/2023\/01\/mmhk-624x883.jpg 624w, https:\/\/v1.chantnow.com\/wp-content\/uploads\/2023\/01\/mmhk.jpg 1131w\" sizes=\"(max-width: 768px) 100vw, 768px\" \/><\/a>\n\t\t\t<\/div>\n\t\t\t\t<figcaption class='wp-caption-text gallery-caption' id='gallery-1-32851'>\n\t\t\t\tMaha-mantra\n\t\t\t\t<\/figcaption><\/figure><figure class='gallery-item'>\n\t\t\t<div class='gallery-icon portrait'>\n\t\t\t\t<a data-elementor-open-lightbox=\"yes\" data-elementor-lightbox-slideshow=\"3a65c9b\" data-elementor-lightbox-title=\"krishna-names-kri_c\" data-e-action-hash=\"#elementor-action%3Aaction%3Dlightbox%26settings%3DeyJpZCI6MzI4NjQsInVybCI6Imh0dHBzOlwvXC92MS5jaGFudG5vdy5jb21cL3dwLWNvbnRlbnRcL3VwbG9hZHNcLzIwMjNcLzAxXC9rcmlzaG5hLW5hbWVzLWtyaV9jLmpwZyIsInNsaWRlc2hvdyI6IjNhNjVjOWIifQ%3D%3D\" href='https:\/\/v1.chantnow.com\/wp-content\/uploads\/2023\/01\/krishna-names-kri_c.jpg'><img loading=\"lazy\" decoding=\"async\" width=\"400\" height=\"519\" src=\"https:\/\/v1.chantnow.com\/wp-content\/uploads\/2023\/01\/krishna-names-kri_c.jpg\" class=\"attachment-medium_large size-medium_large\" alt=\"\" aria-describedby=\"gallery-1-32864\" srcset=\"https:\/\/v1.chantnow.com\/wp-content\/uploads\/2023\/01\/krishna-names-kri_c.jpg 400w, https:\/\/v1.chantnow.com\/wp-content\/uploads\/2023\/01\/krishna-names-kri_c-231x300.jpg 231w, https:\/\/v1.chantnow.com\/wp-content\/uploads\/2023\/01\/krishna-names-kri_c-9x12.jpg 9w\" sizes=\"(max-width: 400px) 100vw, 400px\" \/><\/a>\n\t\t\t<\/div>\n\t\t\t\t<figcaption class='wp-caption-text gallery-caption' id='gallery-1-32864'>\n\t\t\t\tMaha-mantra\n\t\t\t\t<\/figcaption><\/figure>\n\t\t<\/div>\n\t\t<\/div>\n\t\t\t\t\t\t<\/div>\n\t\t\t\t<\/div>\n\t\t\t\t\t<\/div>\n\t\t<\/div>\n\t\t\t\t\t<\/div>\n\t\t<\/section>\n\t\t\t\t<\/div>","protected":false},"excerpt":{"rendered":"<p>The Maha-MantraHere you will find a free resource for those looking for the artistic Maha Mantra. You may print it and place in your sacred place of Mantra Meditation. The Maha-Mantra \u2013 for printing Here you will find our growing library of artistic Maha mantra. We have provided it free for you to download, print&#8230;<\/p>","protected":false},"author":12,"featured_media":16919,"parent":0,"menu_order":0,"comment_status":"closed","ping_status":"closed","template":"page-fullwidth-content.php","meta":{"content-type":"","pmpro_default_level":"","_kad_post_transparent":"","_kad_post_title":"","_kad_post_layout":"","_kad_post_sidebar_id":"","_kad_post_content_style":"","_kad_post_vertical_padding":"","_kad_post_feature":"","_kad_post_feature_position":"","_kad_post_header":false,"_kad_post_footer":false,"_kad_post_classname":"","footnotes":""},"class_list":["post-32840","page","type-page","status-publish","has-post-thumbnail","hentry","pmpro-has-access"],"yoast_head":"<!-- This site is optimized with the Yoast SEO plugin v26.4 - https:\/\/yoast.com\/wordpress\/plugins\/seo\/ -->\n<title>Sacred Art | Download Free Krishna Art | Chant Now<\/title>\n<meta name=\"description\" content=\"Here you will find sacred art for your sacred place. Download free Krishna art and get inspired.\" \/>\n<meta name=\"robots\" content=\"index, follow, max-snippet:-1, max-image-preview:large, max-video-preview:-1\" \/>\n<link rel=\"canonical\" href=\"https:\/\/v1.chantnow.com\/es\/the-maha-mantra-for-printing\/\" \/>\n<meta property=\"og:locale\" content=\"es_ES\" \/>\n<meta property=\"og:type\" content=\"article\" \/>\n<meta property=\"og:title\" content=\"Sacred Art | Download Free Krishna Art | Chant Now\" \/>\n<meta property=\"og:description\" content=\"Here you will find sacred art for your sacred place. Download free Krishna art and get inspired.\" \/>\n<meta property=\"og:url\" content=\"https:\/\/v1.chantnow.com\/es\/the-maha-mantra-for-printing\/\" \/>\n<meta property=\"og:site_name\" content=\"Chant Now\" \/>\n<meta property=\"article:modified_time\" content=\"2023-01-03T07:44:29+00:00\" \/>\n<meta name=\"twitter:card\" content=\"summary_large_image\" \/>\n<meta name=\"twitter:label1\" content=\"Tiempo de lectura\" \/>\n\t<meta name=\"twitter:data1\" content=\"1 minuto\" \/>\n<script type=\"application\/ld+json\" class=\"yoast-schema-graph\">{\"@context\":\"https:\/\/schema.org\",\"@graph\":[{\"@type\":\"WebPage\",\"@id\":\"https:\/\/v1.chantnow.com\/the-maha-mantra-for-printing\/\",\"url\":\"https:\/\/v1.chantnow.com\/the-maha-mantra-for-printing\/\",\"name\":\"Sacred Art | Download Free Krishna Art | Chant Now\",\"isPartOf\":{\"@id\":\"https:\/\/chantnow.com\/es\/#website\"},\"primaryImageOfPage\":{\"@id\":\"https:\/\/v1.chantnow.com\/the-maha-mantra-for-printing\/#primaryimage\"},\"image\":{\"@id\":\"https:\/\/v1.chantnow.com\/the-maha-mantra-for-printing\/#primaryimage\"},\"thumbnailUrl\":\"\",\"datePublished\":\"2023-01-03T07:20:24+00:00\",\"dateModified\":\"2023-01-03T07:44:29+00:00\",\"description\":\"Here you will find sacred art for your sacred place. Download free Krishna art and get inspired.\",\"breadcrumb\":{\"@id\":\"https:\/\/v1.chantnow.com\/the-maha-mantra-for-printing\/#breadcrumb\"},\"inLanguage\":\"es\",\"potentialAction\":[{\"@type\":\"ReadAction\",\"target\":[\"https:\/\/v1.chantnow.com\/the-maha-mantra-for-printing\/\"]}]},{\"@type\":\"ImageObject\",\"inLanguage\":\"es\",\"@id\":\"https:\/\/v1.chantnow.com\/the-maha-mantra-for-printing\/#primaryimage\",\"url\":\"\",\"contentUrl\":\"\"},{\"@type\":\"BreadcrumbList\",\"@id\":\"https:\/\/v1.chantnow.com\/the-maha-mantra-for-printing\/#breadcrumb\",\"itemListElement\":[{\"@type\":\"ListItem\",\"position\":1,\"name\":\"Home\",\"item\":\"https:\/\/v1.chantnow.com\/\"},{\"@type\":\"ListItem\",\"position\":2,\"name\":\"The Maha-Mantra \u2013 for printing\"}]},{\"@type\":\"WebSite\",\"@id\":\"https:\/\/chantnow.com\/es\/#website\",\"url\":\"https:\/\/chantnow.com\/es\/\",\"name\":\"Chant Now\",\"description\":\"Online Bhakti Community\",\"publisher\":{\"@id\":\"https:\/\/chantnow.com\/es\/#organization\"},\"potentialAction\":[{\"@type\":\"SearchAction\",\"target\":{\"@type\":\"EntryPoint\",\"urlTemplate\":\"https:\/\/chantnow.com\/es\/?s={search_term_string}\"},\"query-input\":{\"@type\":\"PropertyValueSpecification\",\"valueRequired\":true,\"valueName\":\"search_term_string\"}}],\"inLanguage\":\"es\"},{\"@type\":\"Organization\",\"@id\":\"https:\/\/chantnow.com\/es\/#organization\",\"name\":\"Chant Now\",\"url\":\"https:\/\/chantnow.com\/es\/\",\"logo\":{\"@type\":\"ImageObject\",\"inLanguage\":\"es\",\"@id\":\"https:\/\/chantnow.com\/es\/#\/schema\/logo\/image\/\",\"url\":\"https:\/\/v1.chantnow.com\/wp-content\/uploads\/2023\/07\/chant-now-logo-circle.png\",\"contentUrl\":\"https:\/\/v1.chantnow.com\/wp-content\/uploads\/2023\/07\/chant-now-logo-circle.png\",\"width\":251,\"height\":251,\"caption\":\"Chant Now\"},\"image\":{\"@id\":\"https:\/\/chantnow.com\/es\/#\/schema\/logo\/image\/\"}}]}<\/script>\n<!-- \/ Yoast SEO plugin. -->","yoast_head_json":{"title":"Arte Sacro | Descargar gratis Arte de Krishna | Cantar ahora","description":"Aqu\u00ed encontrar\u00e1s arte sagrado para tu lugar sagrado. Descarga arte Krishna gratis e insp\u00edrate.","robots":{"index":"index","follow":"follow","max-snippet":"max-snippet:-1","max-image-preview":"max-image-preview:large","max-video-preview":"max-video-preview:-1"},"canonical":"https:\/\/v1.chantnow.com\/es\/the-maha-mantra-for-printing\/","og_locale":"es_ES","og_type":"article","og_title":"Sacred Art | Download Free Krishna Art | Chant Now","og_description":"Here you will find sacred art for your sacred place. Download free Krishna art and get inspired.","og_url":"https:\/\/v1.chantnow.com\/es\/the-maha-mantra-for-printing\/","og_site_name":"Chant Now","article_modified_time":"2023-01-03T07:44:29+00:00","twitter_card":"summary_large_image","twitter_misc":{"Tiempo de lectura":"1 minuto"},"schema":{"@context":"https:\/\/schema.org","@graph":[{"@type":"WebPage","@id":"https:\/\/v1.chantnow.com\/the-maha-mantra-for-printing\/","url":"https:\/\/v1.chantnow.com\/the-maha-mantra-for-printing\/","name":"Arte Sacro | Descargar gratis Arte de Krishna | Cantar ahora","isPartOf":{"@id":"https:\/\/chantnow.com\/es\/#website"},"primaryImageOfPage":{"@id":"https:\/\/v1.chantnow.com\/the-maha-mantra-for-printing\/#primaryimage"},"image":{"@id":"https:\/\/v1.chantnow.com\/the-maha-mantra-for-printing\/#primaryimage"},"thumbnailUrl":"","datePublished":"2023-01-03T07:20:24+00:00","dateModified":"2023-01-03T07:44:29+00:00","description":"Aqu\u00ed encontrar\u00e1s arte sagrado para tu lugar sagrado. Descarga arte Krishna gratis e insp\u00edrate.","breadcrumb":{"@id":"https:\/\/v1.chantnow.com\/the-maha-mantra-for-printing\/#breadcrumb"},"inLanguage":"es","potentialAction":[{"@type":"ReadAction","target":["https:\/\/v1.chantnow.com\/the-maha-mantra-for-printing\/"]}]},{"@type":"ImageObject","inLanguage":"es","@id":"https:\/\/v1.chantnow.com\/the-maha-mantra-for-printing\/#primaryimage","url":"","contentUrl":""},{"@type":"BreadcrumbList","@id":"https:\/\/v1.chantnow.com\/the-maha-mantra-for-printing\/#breadcrumb","itemListElement":[{"@type":"ListItem","position":1,"name":"Home","item":"https:\/\/v1.chantnow.com\/"},{"@type":"ListItem","position":2,"name":"The Maha-Mantra \u2013 for printing"}]},{"@type":"WebSite","@id":"https:\/\/chantnow.com\/es\/#website","url":"https:\/\/chantnow.com\/es\/","name":"Cantar ahora","description":"Comunidad Bhakti en l\u00ednea","publisher":{"@id":"https:\/\/chantnow.com\/es\/#organization"},"potentialAction":[{"@type":"SearchAction","target":{"@type":"EntryPoint","urlTemplate":"https:\/\/chantnow.com\/es\/?s={search_term_string}"},"query-input":{"@type":"PropertyValueSpecification","valueRequired":true,"valueName":"search_term_string"}}],"inLanguage":"es"},{"@type":"Organization","@id":"https:\/\/chantnow.com\/es\/#organization","name":"Cantar ahora","url":"https:\/\/chantnow.com\/es\/","logo":{"@type":"ImageObject","inLanguage":"es","@id":"https:\/\/chantnow.com\/es\/#\/schema\/logo\/image\/","url":"https:\/\/v1.chantnow.com\/wp-content\/uploads\/2023\/07\/chant-now-logo-circle.png","contentUrl":"https:\/\/v1.chantnow.com\/wp-content\/uploads\/2023\/07\/chant-now-logo-circle.png","width":251,"height":251,"caption":"Chant Now"},"image":{"@id":"https:\/\/chantnow.com\/es\/#\/schema\/logo\/image\/"}}]}},"_links":{"self":[{"href":"https:\/\/v1.chantnow.com\/es\/wp-json\/wp\/v2\/pages\/32840","targetHints":{"allow":["GET"]}}],"collection":[{"href":"https:\/\/v1.chantnow.com\/es\/wp-json\/wp\/v2\/pages"}],"about":[{"href":"https:\/\/v1.chantnow.com\/es\/wp-json\/wp\/v2\/types\/page"}],"author":[{"embeddable":true,"href":"https:\/\/v1.chantnow.com\/es\/wp-json\/wp\/v2\/users\/12"}],"replies":[{"embeddable":true,"href":"https:\/\/v1.chantnow.com\/es\/wp-json\/wp\/v2\/comments?post=32840"}],"version-history":[{"count":7,"href":"https:\/\/v1.chantnow.com\/es\/wp-json\/wp\/v2\/pages\/32840\/revisions"}],"predecessor-version":[{"id":32873,"href":"https:\/\/v1.chantnow.com\/es\/wp-json\/wp\/v2\/pages\/32840\/revisions\/32873"}],"wp:featuredmedia":[{"embeddable":true,"href":"https:\/\/v1.chantnow.com\/es\/wp-json\/"}],"wp:attachment":[{"href":"https:\/\/v1.chantnow.com\/es\/wp-json\/wp\/v2\/media?parent=32840"}],"curies":[{"name":"wp","href":"https:\/\/api.w.org\/{rel}","templated":true}]}}