{"id":37635,"date":"2023-07-24T09:38:00","date_gmt":"2023-07-24T13:38:00","guid":{"rendered":"https:\/\/v1.chantnow.com\/?page_id=37635"},"modified":"2023-07-24T09:38:03","modified_gmt":"2023-07-24T13:38:03","slug":"sharpen-the-head-soften-the-heart","status":"publish","type":"page","link":"https:\/\/v1.chantnow.com\/es\/sharpen-the-head-soften-the-heart\/","title":{"rendered":"Agudizar la cabeza Ablandar el coraz\u00f3n"},"content":{"rendered":"<p><\/p>\n\n\n\n<p>Thank you so much for signing up for our upcoming online live event on ChantNow.com!<\/p>\n\n\n\n<p>Improve your intelligence &#8211; connect with the best teachers- improve conviction- gain personal experience &#8211; grow in compassion<br>Live online session of 60 minutes.<br>El acto concluir\u00e1 con un turno de preguntas y respuestas.<br>Connect with a small assembly of like-minded individuals and discover the profound impact of sound!<\/p>\n\n\n\n<p>Here are the details.<\/p>\n\n\n\n<h2 class=\"wp-block-heading\">Saturday 29th July<\/h2>\n\n\n\n<p>10.30 am in Eastern Time (EDT) in the USA<br>7.30 am in Pacific Time (PDT) in the USA<br>8pm IST<br>330pm UK<br>430pm Central European time<\/p>\n\n\n\n<h2 class=\"wp-block-heading\">Detalles del evento<\/h2>\n\n\n\n<p>El taller se realizar\u00e1 en Zoom. <\/p>\n\n\n\n<p>Unirse a una reuni\u00f3n de Zoom<br><a rel=\"noreferrer noopener\" href=\"https:\/\/us02web.zoom.us\/j\/5249585310?pwd=LzlzT1gyY3pObDYxQW9zNzdjbHJpdz09\" target=\"_blank\">https:\/\/us02web.zoom.us\/j\/5249585310?pwd=LzlzT1gyY3pObDYxQW9zNzdjbHJpdz09<\/a><br><br>N\u00famero de reuni\u00f3n: 524 958 5310<br>C\u00f3digo de acceso: 108<br><\/p>\n\n\n\n<p><\/p>","protected":false},"excerpt":{"rendered":"<p>Thank you so much for signing up for our upcoming online live event on ChantNow.com! Improve your intelligence &#8211; connect with the best teachers- improve conviction- gain personal experience &#8211; grow in compassionLive online session of 60 minutes.Event will finish with time for Q&amp;A.Connect with a small assembly of like-minded individuals and discover the profound&#8230;<\/p>","protected":false},"author":12,"featured_media":0,"parent":0,"menu_order":0,"comment_status":"closed","ping_status":"closed","template":"","meta":{"content-type":"","pmpro_default_level":"","_kad_post_transparent":"","_kad_post_title":"","_kad_post_layout":"","_kad_post_sidebar_id":"","_kad_post_content_style":"","_kad_post_vertical_padding":"","_kad_post_feature":"","_kad_post_feature_position":"","_kad_post_header":false,"_kad_post_footer":false,"_kad_post_classname":"","footnotes":""},"class_list":["post-37635","page","type-page","status-publish","hentry","pmpro-has-access"],"yoast_head":"<!-- This site is optimized with the Yoast SEO plugin v26.4 - https:\/\/yoast.com\/wordpress\/plugins\/seo\/ -->\n<title>Sharpen The Head Soften The Heart - Chant Now<\/title>\n<meta name=\"robots\" content=\"index, follow, max-snippet:-1, max-image-preview:large, max-video-preview:-1\" \/>\n<link rel=\"canonical\" href=\"https:\/\/v1.chantnow.com\/es\/sharpen-the-head-soften-the-heart\/\" \/>\n<meta property=\"og:locale\" content=\"es_ES\" \/>\n<meta property=\"og:type\" content=\"article\" \/>\n<meta property=\"og:title\" content=\"Sharpen The Head Soften The Heart - Chant Now\" \/>\n<meta property=\"og:description\" content=\"Thank you so much for signing up for our upcoming online live event on ChantNow.com! Improve your intelligence &#8211; connect with the best teachers- improve conviction- gain personal experience &#8211; grow in compassionLive online session of 60 minutes.Event will finish with time for Q&amp;A.Connect with a small assembly of like-minded individuals and discover the profound...\" \/>\n<meta property=\"og:url\" content=\"https:\/\/v1.chantnow.com\/es\/sharpen-the-head-soften-the-heart\/\" \/>\n<meta property=\"og:site_name\" content=\"Chant Now\" \/>\n<meta property=\"article:modified_time\" content=\"2023-07-24T13:38:03+00:00\" \/>\n<meta name=\"twitter:card\" content=\"summary_large_image\" \/>\n<meta name=\"twitter:label1\" content=\"Tiempo de lectura\" \/>\n\t<meta name=\"twitter:data1\" content=\"1 minuto\" \/>\n<script type=\"application\/ld+json\" class=\"yoast-schema-graph\">{\"@context\":\"https:\/\/schema.org\",\"@graph\":[{\"@type\":\"WebPage\",\"@id\":\"https:\/\/v1.chantnow.com\/sharpen-the-head-soften-the-heart\/\",\"url\":\"https:\/\/v1.chantnow.com\/sharpen-the-head-soften-the-heart\/\",\"name\":\"Sharpen The Head Soften The Heart - Chant Now\",\"isPartOf\":{\"@id\":\"https:\/\/chantnow.com\/es\/#website\"},\"datePublished\":\"2023-07-24T13:38:00+00:00\",\"dateModified\":\"2023-07-24T13:38:03+00:00\",\"breadcrumb\":{\"@id\":\"https:\/\/v1.chantnow.com\/sharpen-the-head-soften-the-heart\/#breadcrumb\"},\"inLanguage\":\"es\",\"potentialAction\":[{\"@type\":\"ReadAction\",\"target\":[\"https:\/\/v1.chantnow.com\/sharpen-the-head-soften-the-heart\/\"]}]},{\"@type\":\"BreadcrumbList\",\"@id\":\"https:\/\/v1.chantnow.com\/sharpen-the-head-soften-the-heart\/#breadcrumb\",\"itemListElement\":[{\"@type\":\"ListItem\",\"position\":1,\"name\":\"Home\",\"item\":\"https:\/\/v1.chantnow.com\/\"},{\"@type\":\"ListItem\",\"position\":2,\"name\":\"Sharpen The Head Soften The Heart\"}]},{\"@type\":\"WebSite\",\"@id\":\"https:\/\/chantnow.com\/es\/#website\",\"url\":\"https:\/\/chantnow.com\/es\/\",\"name\":\"Chant Now\",\"description\":\"Online Bhakti Community\",\"publisher\":{\"@id\":\"https:\/\/chantnow.com\/es\/#organization\"},\"potentialAction\":[{\"@type\":\"SearchAction\",\"target\":{\"@type\":\"EntryPoint\",\"urlTemplate\":\"https:\/\/chantnow.com\/es\/?s={search_term_string}\"},\"query-input\":{\"@type\":\"PropertyValueSpecification\",\"valueRequired\":true,\"valueName\":\"search_term_string\"}}],\"inLanguage\":\"es\"},{\"@type\":\"Organization\",\"@id\":\"https:\/\/chantnow.com\/es\/#organization\",\"name\":\"Chant Now\",\"url\":\"https:\/\/chantnow.com\/es\/\",\"logo\":{\"@type\":\"ImageObject\",\"inLanguage\":\"es\",\"@id\":\"https:\/\/chantnow.com\/es\/#\/schema\/logo\/image\/\",\"url\":\"https:\/\/v1.chantnow.com\/wp-content\/uploads\/2023\/07\/chant-now-logo-circle.png\",\"contentUrl\":\"https:\/\/v1.chantnow.com\/wp-content\/uploads\/2023\/07\/chant-now-logo-circle.png\",\"width\":251,\"height\":251,\"caption\":\"Chant Now\"},\"image\":{\"@id\":\"https:\/\/chantnow.com\/es\/#\/schema\/logo\/image\/\"}}]}<\/script>\n<!-- \/ Yoast SEO plugin. -->","yoast_head_json":{"title":"Sharpen The Head Soften The Heart - Chant Now","robots":{"index":"index","follow":"follow","max-snippet":"max-snippet:-1","max-image-preview":"max-image-preview:large","max-video-preview":"max-video-preview:-1"},"canonical":"https:\/\/v1.chantnow.com\/es\/sharpen-the-head-soften-the-heart\/","og_locale":"es_ES","og_type":"article","og_title":"Sharpen The Head Soften The Heart - Chant Now","og_description":"Thank you so much for signing up for our upcoming online live event on ChantNow.com! Improve your intelligence &#8211; connect with the best teachers- improve conviction- gain personal experience &#8211; grow in compassionLive online session of 60 minutes.Event will finish with time for Q&amp;A.Connect with a small assembly of like-minded individuals and discover the profound...","og_url":"https:\/\/v1.chantnow.com\/es\/sharpen-the-head-soften-the-heart\/","og_site_name":"Chant Now","article_modified_time":"2023-07-24T13:38:03+00:00","twitter_card":"summary_large_image","twitter_misc":{"Tiempo de lectura":"1 minuto"},"schema":{"@context":"https:\/\/schema.org","@graph":[{"@type":"WebPage","@id":"https:\/\/v1.chantnow.com\/sharpen-the-head-soften-the-heart\/","url":"https:\/\/v1.chantnow.com\/sharpen-the-head-soften-the-heart\/","name":"Sharpen The Head Soften The Heart - Chant Now","isPartOf":{"@id":"https:\/\/chantnow.com\/es\/#website"},"datePublished":"2023-07-24T13:38:00+00:00","dateModified":"2023-07-24T13:38:03+00:00","breadcrumb":{"@id":"https:\/\/v1.chantnow.com\/sharpen-the-head-soften-the-heart\/#breadcrumb"},"inLanguage":"es","potentialAction":[{"@type":"ReadAction","target":["https:\/\/v1.chantnow.com\/sharpen-the-head-soften-the-heart\/"]}]},{"@type":"BreadcrumbList","@id":"https:\/\/v1.chantnow.com\/sharpen-the-head-soften-the-heart\/#breadcrumb","itemListElement":[{"@type":"ListItem","position":1,"name":"Home","item":"https:\/\/v1.chantnow.com\/"},{"@type":"ListItem","position":2,"name":"Sharpen The Head Soften The Heart"}]},{"@type":"WebSite","@id":"https:\/\/chantnow.com\/es\/#website","url":"https:\/\/chantnow.com\/es\/","name":"Cantar ahora","description":"Comunidad Bhakti en l\u00ednea","publisher":{"@id":"https:\/\/chantnow.com\/es\/#organization"},"potentialAction":[{"@type":"SearchAction","target":{"@type":"EntryPoint","urlTemplate":"https:\/\/chantnow.com\/es\/?s={search_term_string}"},"query-input":{"@type":"PropertyValueSpecification","valueRequired":true,"valueName":"search_term_string"}}],"inLanguage":"es"},{"@type":"Organization","@id":"https:\/\/chantnow.com\/es\/#organization","name":"Cantar ahora","url":"https:\/\/chantnow.com\/es\/","logo":{"@type":"ImageObject","inLanguage":"es","@id":"https:\/\/chantnow.com\/es\/#\/schema\/logo\/image\/","url":"https:\/\/v1.chantnow.com\/wp-content\/uploads\/2023\/07\/chant-now-logo-circle.png","contentUrl":"https:\/\/v1.chantnow.com\/wp-content\/uploads\/2023\/07\/chant-now-logo-circle.png","width":251,"height":251,"caption":"Chant Now"},"image":{"@id":"https:\/\/chantnow.com\/es\/#\/schema\/logo\/image\/"}}]}},"_links":{"self":[{"href":"https:\/\/v1.chantnow.com\/es\/wp-json\/wp\/v2\/pages\/37635","targetHints":{"allow":["GET"]}}],"collection":[{"href":"https:\/\/v1.chantnow.com\/es\/wp-json\/wp\/v2\/pages"}],"about":[{"href":"https:\/\/v1.chantnow.com\/es\/wp-json\/wp\/v2\/types\/page"}],"author":[{"embeddable":true,"href":"https:\/\/v1.chantnow.com\/es\/wp-json\/wp\/v2\/users\/12"}],"replies":[{"embeddable":true,"href":"https:\/\/v1.chantnow.com\/es\/wp-json\/wp\/v2\/comments?post=37635"}],"version-history":[{"count":1,"href":"https:\/\/v1.chantnow.com\/es\/wp-json\/wp\/v2\/pages\/37635\/revisions"}],"predecessor-version":[{"id":37636,"href":"https:\/\/v1.chantnow.com\/es\/wp-json\/wp\/v2\/pages\/37635\/revisions\/37636"}],"wp:attachment":[{"href":"https:\/\/v1.chantnow.com\/es\/wp-json\/wp\/v2\/media?parent=37635"}],"curies":[{"name":"wp","href":"https:\/\/api.w.org\/{rel}","templated":true}]}}