{"id":37681,"date":"2023-07-25T17:23:58","date_gmt":"2023-07-25T21:23:58","guid":{"rendered":"https:\/\/v1.chantnow.com\/?page_id=37681"},"modified":"2023-10-26T23:51:37","modified_gmt":"2023-10-27T03:51:37","slug":"biolinkss","status":"publish","type":"page","link":"https:\/\/v1.chantnow.com\/es\/biolinkss\/","title":{"rendered":"biolinks"},"content":{"rendered":"<div data-elementor-type=\"wp-page\" data-elementor-id=\"37681\" class=\"elementor elementor-37681\" data-elementor-post-type=\"page\">\n\t\t\t\t<div class=\"elementor-element elementor-element-9a8b3a8 e-con-full e-flex e-con e-parent\" data-id=\"9a8b3a8\" data-element_type=\"container\" data-e-type=\"container\" data-settings=\"{&quot;background_background&quot;:&quot;classic&quot;}\">\n\t\t<div class=\"elementor-element elementor-element-c9f3a10 e-con-full e-flex e-con e-child\" data-id=\"c9f3a10\" data-element_type=\"container\" data-e-type=\"container\">\n\t\t\t\t<div class=\"elementor-element elementor-element-07cd8ca elementor-widget elementor-widget-image\" data-id=\"07cd8ca\" data-element_type=\"widget\" data-e-type=\"widget\" data-widget_type=\"image.default\">\n\t\t\t\t<div class=\"elementor-widget-container\">\n\t\t\t\t\t\t\t\t\t\t\t\t\t\t\t<img fetchpriority=\"high\" decoding=\"async\" width=\"251\" height=\"251\" src=\"https:\/\/v1.chantnow.com\/wp-content\/uploads\/2023\/07\/chant-now-logo-circle.png\" class=\"attachment-full size-full wp-image-37841\" alt=\"\" srcset=\"https:\/\/v1.chantnow.com\/wp-content\/uploads\/2023\/07\/chant-now-logo-circle.png 251w, https:\/\/v1.chantnow.com\/wp-content\/uploads\/2023\/07\/chant-now-logo-circle-150x150.png 150w, https:\/\/v1.chantnow.com\/wp-content\/uploads\/2023\/07\/chant-now-logo-circle-12x12.png 12w\" sizes=\"(max-width: 251px) 100vw, 251px\" \/>\t\t\t\t\t\t\t\t\t\t\t\t\t\t\t<\/div>\n\t\t\t\t<\/div>\n\t\t\t\t<div class=\"elementor-element elementor-element-0c12c58 elementor-widget elementor-widget-heading\" data-id=\"0c12c58\" data-element_type=\"widget\" data-e-type=\"widget\" data-widget_type=\"heading.default\">\n\t\t\t\t<div class=\"elementor-widget-container\">\n\t\t\t\t\t<h1 class=\"elementor-heading-title elementor-size-default\">Cantar ahora<\/h1>\t\t\t\t<\/div>\n\t\t\t\t<\/div>\n\t\t\t\t<div class=\"elementor-element elementor-element-36eac21 elementor-widget elementor-widget-text-editor\" data-id=\"36eac21\" data-element_type=\"widget\" data-e-type=\"widget\" data-widget_type=\"text-editor.default\">\n\t\t\t\t<div class=\"elementor-widget-container\">\n\t\t\t\t\t\t\t\t\t<p>Nos centramos en hacer que el Bhakti-Yoga sea f\u00e1cilmente accesible a trav\u00e9s de la educaci\u00f3n en l\u00ednea.<\/p>\t\t\t\t\t\t\t\t<\/div>\n\t\t\t\t<\/div>\n\t\t\t\t<\/div>\n\t\t<div class=\"elementor-element elementor-element-c914558 e-con-full e-flex e-con e-child\" data-id=\"c914558\" data-element_type=\"container\" data-e-type=\"container\">\n\t\t\t\t<div class=\"elementor-element elementor-element-61002ca elementor-align-justify elementor-widget__width-initial elementor-invisible elementor-widget elementor-widget-button\" data-id=\"61002ca\" data-element_type=\"widget\" data-e-type=\"widget\" data-settings=\"{&quot;_animation&quot;:&quot;fadeInRight&quot;}\" data-widget_type=\"button.default\">\n\t\t\t\t<div class=\"elementor-widget-container\">\n\t\t\t\t\t\t\t\t\t<div class=\"elementor-button-wrapper\">\n\t\t\t\t\t<a class=\"elementor-button elementor-button-link elementor-size-sm elementor-animation-grow\" href=\"https:\/\/v1.chantnow.com\/es\/kirtans\/\">\n\t\t\t\t\t\t<span class=\"elementor-button-content-wrapper\">\n\t\t\t\t\t\t<span class=\"elementor-button-icon\">\n\t\t\t\t<i aria-hidden=\"true\" class=\"fas fa-envelope\"><\/i>\t\t\t<\/span>\n\t\t\t\t\t\t\t\t\t<span class=\"elementor-button-text\">Suscribirse a kirtan Weekly <\/span>\n\t\t\t\t\t<\/span>\n\t\t\t\t\t<\/a>\n\t\t\t\t<\/div>\n\t\t\t\t\t\t\t\t<\/div>\n\t\t\t\t<\/div>\n\t\t\t\t<div class=\"elementor-element elementor-element-0b9d7d4 elementor-widget__width-initial elementor-align-justify elementor-invisible elementor-widget elementor-widget-button\" data-id=\"0b9d7d4\" data-element_type=\"widget\" data-e-type=\"widget\" data-settings=\"{&quot;_animation&quot;:&quot;fadeInRight&quot;}\" data-widget_type=\"button.default\">\n\t\t\t\t<div class=\"elementor-widget-container\">\n\t\t\t\t\t\t\t\t\t<div class=\"elementor-button-wrapper\">\n\t\t\t\t\t<a class=\"elementor-button elementor-button-link elementor-size-sm elementor-animation-grow\" href=\"https:\/\/www.facebook.com\/chantnowpage\">\n\t\t\t\t\t\t<span class=\"elementor-button-content-wrapper\">\n\t\t\t\t\t\t<span class=\"elementor-button-icon\">\n\t\t\t\t<i aria-hidden=\"true\" class=\"fab fa-facebook-f\"><\/i>\t\t\t<\/span>\n\t\t\t\t\t\t\t\t\t<span class=\"elementor-button-text\">Facebook<\/span>\n\t\t\t\t\t<\/span>\n\t\t\t\t\t<\/a>\n\t\t\t\t<\/div>\n\t\t\t\t\t\t\t\t<\/div>\n\t\t\t\t<\/div>\n\t\t\t\t<div class=\"elementor-element elementor-element-09f557a elementor-align-justify elementor-widget__width-initial elementor-invisible elementor-widget elementor-widget-button\" data-id=\"09f557a\" data-element_type=\"widget\" data-e-type=\"widget\" data-settings=\"{&quot;_animation&quot;:&quot;fadeInRight&quot;}\" data-widget_type=\"button.default\">\n\t\t\t\t<div class=\"elementor-widget-container\">\n\t\t\t\t\t\t\t\t\t<div class=\"elementor-button-wrapper\">\n\t\t\t\t\t<a class=\"elementor-button elementor-button-link elementor-size-sm elementor-animation-grow\" href=\"https:\/\/www.instagram.com\/chant_now\/\">\n\t\t\t\t\t\t<span class=\"elementor-button-content-wrapper\">\n\t\t\t\t\t\t<span class=\"elementor-button-icon\">\n\t\t\t\t<i aria-hidden=\"true\" class=\"fab fa-instagram\"><\/i>\t\t\t<\/span>\n\t\t\t\t\t\t\t\t\t<span class=\"elementor-button-text\">Instagram<\/span>\n\t\t\t\t\t<\/span>\n\t\t\t\t\t<\/a>\n\t\t\t\t<\/div>\n\t\t\t\t\t\t\t\t<\/div>\n\t\t\t\t<\/div>\n\t\t\t\t<div class=\"elementor-element elementor-element-9303900 elementor-align-justify elementor-widget__width-initial elementor-invisible elementor-widget elementor-widget-button\" data-id=\"9303900\" data-element_type=\"widget\" data-e-type=\"widget\" data-settings=\"{&quot;_animation&quot;:&quot;fadeInRight&quot;}\" data-widget_type=\"button.default\">\n\t\t\t\t<div class=\"elementor-widget-container\">\n\t\t\t\t\t\t\t\t\t<div class=\"elementor-button-wrapper\">\n\t\t\t\t\t<a class=\"elementor-button elementor-button-link elementor-size-sm elementor-animation-grow\" href=\"https:\/\/www.youtube.com\/@ChantNow\/featured\">\n\t\t\t\t\t\t<span class=\"elementor-button-content-wrapper\">\n\t\t\t\t\t\t<span class=\"elementor-button-icon\">\n\t\t\t\t<i aria-hidden=\"true\" class=\"fab fa-youtube\"><\/i>\t\t\t<\/span>\n\t\t\t\t\t\t\t\t\t<span class=\"elementor-button-text\">YouTube <\/span>\n\t\t\t\t\t<\/span>\n\t\t\t\t\t<\/a>\n\t\t\t\t<\/div>\n\t\t\t\t\t\t\t\t<\/div>\n\t\t\t\t<\/div>\n\t\t\t\t<div class=\"elementor-element elementor-element-98cf0a9 elementor-align-justify elementor-widget__width-initial elementor-invisible elementor-widget elementor-widget-button\" data-id=\"98cf0a9\" data-element_type=\"widget\" data-e-type=\"widget\" data-settings=\"{&quot;_animation&quot;:&quot;fadeInRight&quot;}\" data-widget_type=\"button.default\">\n\t\t\t\t<div class=\"elementor-widget-container\">\n\t\t\t\t\t\t\t\t\t<div class=\"elementor-button-wrapper\">\n\t\t\t\t\t<a class=\"elementor-button elementor-button-link elementor-size-sm elementor-animation-grow\" href=\"https:\/\/v1.chantnow.com\/es\/getstarted\/\">\n\t\t\t\t\t\t<span class=\"elementor-button-content-wrapper\">\n\t\t\t\t\t\t<span class=\"elementor-button-icon\">\n\t\t\t\t<i aria-hidden=\"true\" class=\"fas fa-heart\"><\/i>\t\t\t<\/span>\n\t\t\t\t\t\t\t\t\t<span class=\"elementor-button-text\">Comience con la meditaci\u00f3n mantra<\/span>\n\t\t\t\t\t<\/span>\n\t\t\t\t\t<\/a>\n\t\t\t\t<\/div>\n\t\t\t\t\t\t\t\t<\/div>\n\t\t\t\t<\/div>\n\t\t\t\t<div class=\"elementor-element elementor-element-6188e5b elementor-align-justify elementor-widget-mobile__width-initial elementor-widget__width-initial elementor-invisible elementor-widget elementor-widget-button\" data-id=\"6188e5b\" data-element_type=\"widget\" data-e-type=\"widget\" data-settings=\"{&quot;_animation&quot;:&quot;fadeInRight&quot;}\" data-widget_type=\"button.default\">\n\t\t\t\t<div class=\"elementor-widget-container\">\n\t\t\t\t\t\t\t\t\t<div class=\"elementor-button-wrapper\">\n\t\t\t\t\t<a class=\"elementor-button elementor-button-link elementor-size-sm elementor-animation-grow\" href=\"https:\/\/v1.chantnow.com\/es\/coaching\/\">\n\t\t\t\t\t\t<span class=\"elementor-button-content-wrapper\">\n\t\t\t\t\t\t<span class=\"elementor-button-icon\">\n\t\t\t\t<i aria-hidden=\"true\" class=\"fas fa-calendar-alt\"><\/i>\t\t\t<\/span>\n\t\t\t\t\t\t\t\t\t<span class=\"elementor-button-text\">Participar en una sesi\u00f3n de coaching<\/span>\n\t\t\t\t\t<\/span>\n\t\t\t\t\t<\/a>\n\t\t\t\t<\/div>\n\t\t\t\t\t\t\t\t<\/div>\n\t\t\t\t<\/div>\n\t\t\t\t<div class=\"elementor-element elementor-element-75e13de elementor-align-justify elementor-widget__width-initial elementor-invisible elementor-widget elementor-widget-button\" data-id=\"75e13de\" data-element_type=\"widget\" data-e-type=\"widget\" data-settings=\"{&quot;_animation&quot;:&quot;fadeInRight&quot;}\" data-widget_type=\"button.default\">\n\t\t\t\t<div class=\"elementor-widget-container\">\n\t\t\t\t\t\t\t\t\t<div class=\"elementor-button-wrapper\">\n\t\t\t\t\t<a class=\"elementor-button elementor-button-link elementor-size-sm elementor-animation-grow\" href=\"https:\/\/v1.chantnow.com\/es\/courses\/workshop\/\">\n\t\t\t\t\t\t<span class=\"elementor-button-content-wrapper\">\n\t\t\t\t\t\t<span class=\"elementor-button-icon\">\n\t\t\t\t<i aria-hidden=\"true\" class=\"fas fa-folder-open\"><\/i>\t\t\t<\/span>\n\t\t\t\t\t\t\t\t\t<span class=\"elementor-button-text\">Curso gratuito de canto <\/span>\n\t\t\t\t\t<\/span>\n\t\t\t\t\t<\/a>\n\t\t\t\t<\/div>\n\t\t\t\t\t\t\t\t<\/div>\n\t\t\t\t<\/div>\n\t\t\t\t<div class=\"elementor-element elementor-element-997f8ab elementor-align-justify elementor-widget__width-initial elementor-invisible elementor-widget elementor-widget-button\" data-id=\"997f8ab\" data-element_type=\"widget\" data-e-type=\"widget\" data-settings=\"{&quot;_animation&quot;:&quot;fadeInRight&quot;}\" data-widget_type=\"button.default\">\n\t\t\t\t<div class=\"elementor-widget-container\">\n\t\t\t\t\t\t\t\t\t<div class=\"elementor-button-wrapper\">\n\t\t\t\t\t<a class=\"elementor-button elementor-button-link elementor-size-sm elementor-animation-grow\" href=\"mailto:hello@v1.chantnow.com\">\n\t\t\t\t\t\t<span class=\"elementor-button-content-wrapper\">\n\t\t\t\t\t\t<span class=\"elementor-button-icon\">\n\t\t\t\t<i aria-hidden=\"true\" class=\"fas fa-envelope\"><\/i>\t\t\t<\/span>\n\t\t\t\t\t\t\t\t\t<span class=\"elementor-button-text\">Correo electr\u00f3nico<\/span>\n\t\t\t\t\t<\/span>\n\t\t\t\t\t<\/a>\n\t\t\t\t<\/div>\n\t\t\t\t\t\t\t\t<\/div>\n\t\t\t\t<\/div>\n\t\t\t\t<div class=\"elementor-element elementor-element-8f573a3 elementor-align-justify elementor-widget__width-initial elementor-invisible elementor-widget elementor-widget-button\" data-id=\"8f573a3\" data-element_type=\"widget\" data-e-type=\"widget\" data-settings=\"{&quot;_animation&quot;:&quot;fadeInRight&quot;}\" data-widget_type=\"button.default\">\n\t\t\t\t<div class=\"elementor-widget-container\">\n\t\t\t\t\t\t\t\t\t<div class=\"elementor-button-wrapper\">\n\t\t\t\t\t<a class=\"elementor-button elementor-button-link elementor-size-sm elementor-animation-grow\" href=\"https:\/\/v1.chantnow.com\/es\/join\/\">\n\t\t\t\t\t\t<span class=\"elementor-button-content-wrapper\">\n\t\t\t\t\t\t<span class=\"elementor-button-icon\">\n\t\t\t\t<i aria-hidden=\"true\" class=\"fas fa-people-arrows\"><\/i>\t\t\t<\/span>\n\t\t\t\t\t\t\t\t\t<span class=\"elementor-button-text\">\u00danase a nuestra comunidad mundial<\/span>\n\t\t\t\t\t<\/span>\n\t\t\t\t\t<\/a>\n\t\t\t\t<\/div>\n\t\t\t\t\t\t\t\t<\/div>\n\t\t\t\t<\/div>\n\t\t\t\t<\/div>\n\t\t\t\t<\/div>\n\t\t\t\t<\/div>","protected":false},"excerpt":{"rendered":"<p>Chant Now We focus on making Bhakti-Yoga easily accessible through online education. Subscribe to kirtan Weekly Facebook Instagram YouTube Start with Mantra Meditation Join coaching\u00a0session Free Chanting course Email Join Our Global Community<\/p>","protected":false},"author":56,"featured_media":0,"parent":0,"menu_order":0,"comment_status":"closed","ping_status":"closed","template":"elementor_canvas","meta":{"content-type":"","pmpro_default_level":"","_kad_post_transparent":"","_kad_post_title":"","_kad_post_layout":"","_kad_post_sidebar_id":"","_kad_post_content_style":"","_kad_post_vertical_padding":"","_kad_post_feature":"","_kad_post_feature_position":"","_kad_post_header":false,"_kad_post_footer":false,"_kad_post_classname":"","footnotes":""},"class_list":["post-37681","page","type-page","status-publish","hentry","pmpro-has-access"],"yoast_head":"<!-- This site is optimized with the Yoast SEO plugin v26.4 - https:\/\/yoast.com\/wordpress\/plugins\/seo\/ -->\n<title>Biolinks - Chant Now<\/title>\n<meta name=\"description\" content=\"Be directed to our social media channels and all of the services we offer. Peace and happiness though mantra meditation.\" \/>\n<meta name=\"robots\" content=\"index, follow, max-snippet:-1, max-image-preview:large, max-video-preview:-1\" \/>\n<link rel=\"canonical\" href=\"https:\/\/v1.chantnow.com\/es\/biolinkss\/\" \/>\n<meta property=\"og:locale\" content=\"es_ES\" \/>\n<meta property=\"og:type\" content=\"article\" \/>\n<meta property=\"og:title\" content=\"Biolinks - Chant Now\" \/>\n<meta property=\"og:description\" content=\"Be directed to our social media channels and all of the services we offer. Peace and happiness though mantra meditation.\" \/>\n<meta property=\"og:url\" content=\"https:\/\/v1.chantnow.com\/es\/biolinkss\/\" \/>\n<meta property=\"og:site_name\" content=\"Chant Now\" \/>\n<meta property=\"article:modified_time\" content=\"2023-10-27T03:51:37+00:00\" \/>\n<meta property=\"og:image\" content=\"https:\/\/v1.chantnow.com\/wp-content\/uploads\/2023\/07\/chant-now-logo-circle.png\" \/>\n<meta name=\"twitter:card\" content=\"summary_large_image\" \/>\n<meta name=\"twitter:label1\" content=\"Tiempo de lectura\" \/>\n\t<meta name=\"twitter:data1\" content=\"1 minuto\" \/>\n<script type=\"application\/ld+json\" class=\"yoast-schema-graph\">{\"@context\":\"https:\/\/schema.org\",\"@graph\":[{\"@type\":\"WebPage\",\"@id\":\"https:\/\/v1.chantnow.com\/biolinkss\/\",\"url\":\"https:\/\/v1.chantnow.com\/biolinkss\/\",\"name\":\"Biolinks - Chant Now\",\"isPartOf\":{\"@id\":\"https:\/\/chantnow.com\/es\/#website\"},\"primaryImageOfPage\":{\"@id\":\"https:\/\/v1.chantnow.com\/biolinkss\/#primaryimage\"},\"image\":{\"@id\":\"https:\/\/v1.chantnow.com\/biolinkss\/#primaryimage\"},\"thumbnailUrl\":\"https:\/\/v1.chantnow.com\/wp-content\/uploads\/2023\/07\/chant-now-logo-circle.png\",\"datePublished\":\"2023-07-25T21:23:58+00:00\",\"dateModified\":\"2023-10-27T03:51:37+00:00\",\"description\":\"Be directed to our social media channels and all of the services we offer. Peace and happiness though mantra meditation.\",\"breadcrumb\":{\"@id\":\"https:\/\/v1.chantnow.com\/biolinkss\/#breadcrumb\"},\"inLanguage\":\"es\",\"potentialAction\":[{\"@type\":\"ReadAction\",\"target\":[\"https:\/\/v1.chantnow.com\/biolinkss\/\"]}]},{\"@type\":\"ImageObject\",\"inLanguage\":\"es\",\"@id\":\"https:\/\/v1.chantnow.com\/biolinkss\/#primaryimage\",\"url\":\"https:\/\/v1.chantnow.com\/wp-content\/uploads\/2023\/07\/chant-now-logo-circle.png\",\"contentUrl\":\"https:\/\/v1.chantnow.com\/wp-content\/uploads\/2023\/07\/chant-now-logo-circle.png\"},{\"@type\":\"BreadcrumbList\",\"@id\":\"https:\/\/v1.chantnow.com\/biolinkss\/#breadcrumb\",\"itemListElement\":[{\"@type\":\"ListItem\",\"position\":1,\"name\":\"Home\",\"item\":\"https:\/\/v1.chantnow.com\/\"},{\"@type\":\"ListItem\",\"position\":2,\"name\":\"biolinks\"}]},{\"@type\":\"WebSite\",\"@id\":\"https:\/\/chantnow.com\/es\/#website\",\"url\":\"https:\/\/chantnow.com\/es\/\",\"name\":\"Chant Now\",\"description\":\"Online Bhakti Community\",\"publisher\":{\"@id\":\"https:\/\/chantnow.com\/es\/#organization\"},\"potentialAction\":[{\"@type\":\"SearchAction\",\"target\":{\"@type\":\"EntryPoint\",\"urlTemplate\":\"https:\/\/chantnow.com\/es\/?s={search_term_string}\"},\"query-input\":{\"@type\":\"PropertyValueSpecification\",\"valueRequired\":true,\"valueName\":\"search_term_string\"}}],\"inLanguage\":\"es\"},{\"@type\":\"Organization\",\"@id\":\"https:\/\/chantnow.com\/es\/#organization\",\"name\":\"Chant Now\",\"url\":\"https:\/\/chantnow.com\/es\/\",\"logo\":{\"@type\":\"ImageObject\",\"inLanguage\":\"es\",\"@id\":\"https:\/\/chantnow.com\/es\/#\/schema\/logo\/image\/\",\"url\":\"https:\/\/v1.chantnow.com\/wp-content\/uploads\/2023\/07\/chant-now-logo-circle.png\",\"contentUrl\":\"https:\/\/v1.chantnow.com\/wp-content\/uploads\/2023\/07\/chant-now-logo-circle.png\",\"width\":251,\"height\":251,\"caption\":\"Chant Now\"},\"image\":{\"@id\":\"https:\/\/chantnow.com\/es\/#\/schema\/logo\/image\/\"}}]}<\/script>\n<!-- \/ Yoast SEO plugin. -->","yoast_head_json":{"title":"Biolinks - Canta ya","description":"Dir\u00edgete a nuestros canales de medios sociales y a todos los servicios que ofrecemos. Paz y felicidad a trav\u00e9s de la meditaci\u00f3n con mantras.","robots":{"index":"index","follow":"follow","max-snippet":"max-snippet:-1","max-image-preview":"max-image-preview:large","max-video-preview":"max-video-preview:-1"},"canonical":"https:\/\/v1.chantnow.com\/es\/biolinkss\/","og_locale":"es_ES","og_type":"article","og_title":"Biolinks - Chant Now","og_description":"Be directed to our social media channels and all of the services we offer. Peace and happiness though mantra meditation.","og_url":"https:\/\/v1.chantnow.com\/es\/biolinkss\/","og_site_name":"Chant Now","article_modified_time":"2023-10-27T03:51:37+00:00","og_image":[{"url":"https:\/\/v1.chantnow.com\/wp-content\/uploads\/2023\/07\/chant-now-logo-circle.png","type":"","width":"","height":""}],"twitter_card":"summary_large_image","twitter_misc":{"Tiempo de lectura":"1 minuto"},"schema":{"@context":"https:\/\/schema.org","@graph":[{"@type":"WebPage","@id":"https:\/\/v1.chantnow.com\/biolinkss\/","url":"https:\/\/v1.chantnow.com\/biolinkss\/","name":"Biolinks - Canta ya","isPartOf":{"@id":"https:\/\/chantnow.com\/es\/#website"},"primaryImageOfPage":{"@id":"https:\/\/v1.chantnow.com\/biolinkss\/#primaryimage"},"image":{"@id":"https:\/\/v1.chantnow.com\/biolinkss\/#primaryimage"},"thumbnailUrl":"https:\/\/v1.chantnow.com\/wp-content\/uploads\/2023\/07\/chant-now-logo-circle.png","datePublished":"2023-07-25T21:23:58+00:00","dateModified":"2023-10-27T03:51:37+00:00","description":"Dir\u00edgete a nuestros canales de medios sociales y a todos los servicios que ofrecemos. Paz y felicidad a trav\u00e9s de la meditaci\u00f3n con mantras.","breadcrumb":{"@id":"https:\/\/v1.chantnow.com\/biolinkss\/#breadcrumb"},"inLanguage":"es","potentialAction":[{"@type":"ReadAction","target":["https:\/\/v1.chantnow.com\/biolinkss\/"]}]},{"@type":"ImageObject","inLanguage":"es","@id":"https:\/\/v1.chantnow.com\/biolinkss\/#primaryimage","url":"https:\/\/v1.chantnow.com\/wp-content\/uploads\/2023\/07\/chant-now-logo-circle.png","contentUrl":"https:\/\/v1.chantnow.com\/wp-content\/uploads\/2023\/07\/chant-now-logo-circle.png"},{"@type":"BreadcrumbList","@id":"https:\/\/v1.chantnow.com\/biolinkss\/#breadcrumb","itemListElement":[{"@type":"ListItem","position":1,"name":"Home","item":"https:\/\/v1.chantnow.com\/"},{"@type":"ListItem","position":2,"name":"biolinks"}]},{"@type":"WebSite","@id":"https:\/\/chantnow.com\/es\/#website","url":"https:\/\/chantnow.com\/es\/","name":"Cantar ahora","description":"Comunidad Bhakti en l\u00ednea","publisher":{"@id":"https:\/\/chantnow.com\/es\/#organization"},"potentialAction":[{"@type":"SearchAction","target":{"@type":"EntryPoint","urlTemplate":"https:\/\/chantnow.com\/es\/?s={search_term_string}"},"query-input":{"@type":"PropertyValueSpecification","valueRequired":true,"valueName":"search_term_string"}}],"inLanguage":"es"},{"@type":"Organization","@id":"https:\/\/chantnow.com\/es\/#organization","name":"Cantar ahora","url":"https:\/\/chantnow.com\/es\/","logo":{"@type":"ImageObject","inLanguage":"es","@id":"https:\/\/chantnow.com\/es\/#\/schema\/logo\/image\/","url":"https:\/\/v1.chantnow.com\/wp-content\/uploads\/2023\/07\/chant-now-logo-circle.png","contentUrl":"https:\/\/v1.chantnow.com\/wp-content\/uploads\/2023\/07\/chant-now-logo-circle.png","width":251,"height":251,"caption":"Chant Now"},"image":{"@id":"https:\/\/chantnow.com\/es\/#\/schema\/logo\/image\/"}}]}},"_links":{"self":[{"href":"https:\/\/v1.chantnow.com\/es\/wp-json\/wp\/v2\/pages\/37681","targetHints":{"allow":["GET"]}}],"collection":[{"href":"https:\/\/v1.chantnow.com\/es\/wp-json\/wp\/v2\/pages"}],"about":[{"href":"https:\/\/v1.chantnow.com\/es\/wp-json\/wp\/v2\/types\/page"}],"author":[{"embeddable":true,"href":"https:\/\/v1.chantnow.com\/es\/wp-json\/wp\/v2\/users\/56"}],"replies":[{"embeddable":true,"href":"https:\/\/v1.chantnow.com\/es\/wp-json\/wp\/v2\/comments?post=37681"}],"version-history":[{"count":392,"href":"https:\/\/v1.chantnow.com\/es\/wp-json\/wp\/v2\/pages\/37681\/revisions"}],"predecessor-version":[{"id":39579,"href":"https:\/\/v1.chantnow.com\/es\/wp-json\/wp\/v2\/pages\/37681\/revisions\/39579"}],"wp:attachment":[{"href":"https:\/\/v1.chantnow.com\/es\/wp-json\/wp\/v2\/media?parent=37681"}],"curies":[{"name":"wp","href":"https:\/\/api.w.org\/{rel}","templated":true}]}}