{"id":39106,"date":"2023-10-05T13:07:24","date_gmt":"2023-10-05T17:07:24","guid":{"rendered":"https:\/\/v1.chantnow.com\/?page_id=39106"},"modified":"2023-10-26T23:51:53","modified_gmt":"2023-10-27T03:51:53","slug":"biolinks","status":"publish","type":"page","link":"https:\/\/v1.chantnow.com\/es\/biolinks\/","title":{"rendered":""},"content":{"rendered":"<div data-elementor-type=\"wp-page\" data-elementor-id=\"39106\" class=\"elementor elementor-39106\" data-elementor-post-type=\"page\">\n\t\t\t\t<div class=\"elementor-element elementor-element-e57b501 e-flex e-con-boxed e-con e-parent\" data-id=\"e57b501\" data-element_type=\"container\" data-e-type=\"container\">\n\t\t\t\t\t<div class=\"e-con-inner\">\n\t\t<div class=\"elementor-element elementor-element-b54ed8b e-con-full biolinks-new e-flex e-con e-child\" data-id=\"b54ed8b\" data-element_type=\"container\" data-e-type=\"container\" data-settings=\"{&quot;background_background&quot;:&quot;classic&quot;}\">\n\t\t\t\t<div class=\"elementor-element elementor-element-ca8bcec biolink-chant-logo elementor-widget elementor-widget-image\" data-id=\"ca8bcec\" data-element_type=\"widget\" data-e-type=\"widget\" data-widget_type=\"image.default\">\n\t\t\t\t<div class=\"elementor-widget-container\">\n\t\t\t\t\t\t\t\t\t\t\t\t\t\t\t<img fetchpriority=\"high\" decoding=\"async\" width=\"251\" height=\"251\" src=\"https:\/\/v1.chantnow.com\/wp-content\/uploads\/2023\/07\/chant-now-logo-circle.png\" class=\"attachment-large size-large wp-image-37841\" alt=\"\" srcset=\"https:\/\/v1.chantnow.com\/wp-content\/uploads\/2023\/07\/chant-now-logo-circle.png 251w, https:\/\/v1.chantnow.com\/wp-content\/uploads\/2023\/07\/chant-now-logo-circle-150x150.png 150w, https:\/\/v1.chantnow.com\/wp-content\/uploads\/2023\/07\/chant-now-logo-circle-12x12.png 12w\" sizes=\"(max-width: 251px) 100vw, 251px\" \/>\t\t\t\t\t\t\t\t\t\t\t\t\t\t\t<\/div>\n\t\t\t\t<\/div>\n\t\t\t\t<div class=\"elementor-element elementor-element-4e51fe7 elementor-widget elementor-widget-heading\" data-id=\"4e51fe7\" data-element_type=\"widget\" data-e-type=\"widget\" data-widget_type=\"heading.default\">\n\t\t\t\t<div class=\"elementor-widget-container\">\n\t\t\t\t\t<h1 class=\"elementor-heading-title elementor-size-default\">Cantar ahora<\/h1>\t\t\t\t<\/div>\n\t\t\t\t<\/div>\n\t\t\t\t<div class=\"elementor-element elementor-element-eaf08e5 elementor-widget elementor-widget-text-editor\" data-id=\"eaf08e5\" data-element_type=\"widget\" data-e-type=\"widget\" data-widget_type=\"text-editor.default\">\n\t\t\t\t<div class=\"elementor-widget-container\">\n\t\t\t\t\t\t\t\t\t<p>Nos centramos en hacer que el Bhakti-Yoga sea f\u00e1cilmente accesible a trav\u00e9s de la educaci\u00f3n en l\u00ednea.<\/p>\t\t\t\t\t\t\t\t<\/div>\n\t\t\t\t<\/div>\n\t\t\t\t<\/div>\n\t\t<div class=\"elementor-element elementor-element-2fb4d4f e-con-full border-new-next-side e-flex e-con e-child\" data-id=\"2fb4d4f\" data-element_type=\"container\" data-e-type=\"container\" data-settings=\"{&quot;background_background&quot;:&quot;classic&quot;}\">\n\t\t\t\t<div class=\"elementor-element elementor-element-24b836e elementor-align-left elementor-widget elementor-widget-button\" data-id=\"24b836e\" data-element_type=\"widget\" data-e-type=\"widget\" data-widget_type=\"button.default\">\n\t\t\t\t<div class=\"elementor-widget-container\">\n\t\t\t\t\t\t\t\t\t<div class=\"elementor-button-wrapper\">\n\t\t\t\t\t<a class=\"elementor-button elementor-button-link elementor-size-sm elementor-animation-grow\" href=\"https:\/\/v1.chantnow.com\/es\/kirtans\/\" id=\"button_chant\">\n\t\t\t\t\t\t<span class=\"elementor-button-content-wrapper\">\n\t\t\t\t\t\t<span class=\"elementor-button-icon\">\n\t\t\t\t<i aria-hidden=\"true\" class=\"fas fa-envelope\"><\/i>\t\t\t<\/span>\n\t\t\t\t\t\t\t\t\t<span class=\"elementor-button-text\">Suscribirse a kirtan Weekly<\/span>\n\t\t\t\t\t<\/span>\n\t\t\t\t\t<\/a>\n\t\t\t\t<\/div>\n\t\t\t\t\t\t\t\t<\/div>\n\t\t\t\t<\/div>\n\t\t\t\t<div class=\"elementor-element elementor-element-ae30846 elementor-align-left elementor-widget elementor-widget-button\" data-id=\"ae30846\" data-element_type=\"widget\" data-e-type=\"widget\" data-widget_type=\"button.default\">\n\t\t\t\t<div class=\"elementor-widget-container\">\n\t\t\t\t\t\t\t\t\t<div class=\"elementor-button-wrapper\">\n\t\t\t\t\t<a class=\"elementor-button elementor-button-link elementor-size-sm elementor-animation-grow\" href=\"https:\/\/www.facebook.com\/chantnowpage\" id=\"button_chant\">\n\t\t\t\t\t\t<span class=\"elementor-button-content-wrapper\">\n\t\t\t\t\t\t<span class=\"elementor-button-icon\">\n\t\t\t\t<i aria-hidden=\"true\" class=\"fab fa-facebook-f\"><\/i>\t\t\t<\/span>\n\t\t\t\t\t\t\t\t\t<span class=\"elementor-button-text\">Facebook<\/span>\n\t\t\t\t\t<\/span>\n\t\t\t\t\t<\/a>\n\t\t\t\t<\/div>\n\t\t\t\t\t\t\t\t<\/div>\n\t\t\t\t<\/div>\n\t\t\t\t<div class=\"elementor-element elementor-element-f9f08a4 elementor-align-left elementor-widget elementor-widget-button\" data-id=\"f9f08a4\" data-element_type=\"widget\" data-e-type=\"widget\" data-widget_type=\"button.default\">\n\t\t\t\t<div class=\"elementor-widget-container\">\n\t\t\t\t\t\t\t\t\t<div class=\"elementor-button-wrapper\">\n\t\t\t\t\t<a class=\"elementor-button elementor-button-link elementor-size-sm elementor-animation-grow\" href=\"https:\/\/www.instagram.com\/chant_now\/\" id=\"button_chant\">\n\t\t\t\t\t\t<span class=\"elementor-button-content-wrapper\">\n\t\t\t\t\t\t<span class=\"elementor-button-icon\">\n\t\t\t\t<i aria-hidden=\"true\" class=\"fab fa-instagram\"><\/i>\t\t\t<\/span>\n\t\t\t\t\t\t\t\t\t<span class=\"elementor-button-text\">Instagram<\/span>\n\t\t\t\t\t<\/span>\n\t\t\t\t\t<\/a>\n\t\t\t\t<\/div>\n\t\t\t\t\t\t\t\t<\/div>\n\t\t\t\t<\/div>\n\t\t\t\t<div class=\"elementor-element elementor-element-1bf6cb8 elementor-align-left elementor-widget elementor-widget-button\" data-id=\"1bf6cb8\" data-element_type=\"widget\" data-e-type=\"widget\" data-widget_type=\"button.default\">\n\t\t\t\t<div class=\"elementor-widget-container\">\n\t\t\t\t\t\t\t\t\t<div class=\"elementor-button-wrapper\">\n\t\t\t\t\t<a class=\"elementor-button elementor-button-link elementor-size-sm elementor-animation-grow\" href=\"https:\/\/www.youtube.com\/@ChantNow\/featured\" id=\"button_chant\">\n\t\t\t\t\t\t<span class=\"elementor-button-content-wrapper\">\n\t\t\t\t\t\t<span class=\"elementor-button-icon\">\n\t\t\t\t<i aria-hidden=\"true\" class=\"fab fa-youtube\"><\/i>\t\t\t<\/span>\n\t\t\t\t\t\t\t\t\t<span class=\"elementor-button-text\">YouTube<\/span>\n\t\t\t\t\t<\/span>\n\t\t\t\t\t<\/a>\n\t\t\t\t<\/div>\n\t\t\t\t\t\t\t\t<\/div>\n\t\t\t\t<\/div>\n\t\t\t\t<div class=\"elementor-element elementor-element-1556a2a elementor-align-left elementor-widget elementor-widget-button\" data-id=\"1556a2a\" data-element_type=\"widget\" data-e-type=\"widget\" data-widget_type=\"button.default\">\n\t\t\t\t<div class=\"elementor-widget-container\">\n\t\t\t\t\t\t\t\t\t<div class=\"elementor-button-wrapper\">\n\t\t\t\t\t<a class=\"elementor-button elementor-button-link elementor-size-sm elementor-animation-grow\" href=\"https:\/\/v1.chantnow.com\/es\/getstarted\/\" id=\"button_chant\">\n\t\t\t\t\t\t<span class=\"elementor-button-content-wrapper\">\n\t\t\t\t\t\t<span class=\"elementor-button-icon\">\n\t\t\t\t<i aria-hidden=\"true\" class=\"fas fa-heart\"><\/i>\t\t\t<\/span>\n\t\t\t\t\t\t\t\t\t<span class=\"elementor-button-text\">Iniciar Mantra con Meditaci\u00f3n<\/span>\n\t\t\t\t\t<\/span>\n\t\t\t\t\t<\/a>\n\t\t\t\t<\/div>\n\t\t\t\t\t\t\t\t<\/div>\n\t\t\t\t<\/div>\n\t\t\t\t<div class=\"elementor-element elementor-element-e0d6ad6 elementor-align-left elementor-widget elementor-widget-button\" data-id=\"e0d6ad6\" data-element_type=\"widget\" data-e-type=\"widget\" data-widget_type=\"button.default\">\n\t\t\t\t<div class=\"elementor-widget-container\">\n\t\t\t\t\t\t\t\t\t<div class=\"elementor-button-wrapper\">\n\t\t\t\t\t<a class=\"elementor-button elementor-button-link elementor-size-sm elementor-animation-grow\" href=\"https:\/\/v1.chantnow.com\/es\/coaching\/\" id=\"button_chant\">\n\t\t\t\t\t\t<span class=\"elementor-button-content-wrapper\">\n\t\t\t\t\t\t<span class=\"elementor-button-icon\">\n\t\t\t\t<i aria-hidden=\"true\" class=\"fas fa-calendar-alt\"><\/i>\t\t\t<\/span>\n\t\t\t\t\t\t\t\t\t<span class=\"elementor-button-text\">Unirse a una sesi\u00f3n de coaching<\/span>\n\t\t\t\t\t<\/span>\n\t\t\t\t\t<\/a>\n\t\t\t\t<\/div>\n\t\t\t\t\t\t\t\t<\/div>\n\t\t\t\t<\/div>\n\t\t\t\t<div class=\"elementor-element elementor-element-8537ef1 elementor-align-left elementor-widget elementor-widget-button\" data-id=\"8537ef1\" data-element_type=\"widget\" data-e-type=\"widget\" data-widget_type=\"button.default\">\n\t\t\t\t<div class=\"elementor-widget-container\">\n\t\t\t\t\t\t\t\t\t<div class=\"elementor-button-wrapper\">\n\t\t\t\t\t<a class=\"elementor-button elementor-button-link elementor-size-sm elementor-animation-grow\" href=\"https:\/\/v1.chantnow.com\/es\/courses\/workshop\/\" id=\"button_chant\">\n\t\t\t\t\t\t<span class=\"elementor-button-content-wrapper\">\n\t\t\t\t\t\t<span class=\"elementor-button-icon\">\n\t\t\t\t<i aria-hidden=\"true\" class=\"fas fa-folder-open\"><\/i>\t\t\t<\/span>\n\t\t\t\t\t\t\t\t\t<span class=\"elementor-button-text\">Curso gratuito de canto<\/span>\n\t\t\t\t\t<\/span>\n\t\t\t\t\t<\/a>\n\t\t\t\t<\/div>\n\t\t\t\t\t\t\t\t<\/div>\n\t\t\t\t<\/div>\n\t\t\t\t<div class=\"elementor-element elementor-element-1e16e91 elementor-align-left elementor-widget elementor-widget-button\" data-id=\"1e16e91\" data-element_type=\"widget\" data-e-type=\"widget\" data-widget_type=\"button.default\">\n\t\t\t\t<div class=\"elementor-widget-container\">\n\t\t\t\t\t\t\t\t\t<div class=\"elementor-button-wrapper\">\n\t\t\t\t\t<a class=\"elementor-button elementor-button-link elementor-size-sm elementor-animation-grow\" href=\"mailto:hello@v1.chantnow.com\" id=\"button_chant\">\n\t\t\t\t\t\t<span class=\"elementor-button-content-wrapper\">\n\t\t\t\t\t\t<span class=\"elementor-button-icon\">\n\t\t\t\t<i aria-hidden=\"true\" class=\"fas fa-envelope\"><\/i>\t\t\t<\/span>\n\t\t\t\t\t\t\t\t\t<span class=\"elementor-button-text\">Correo electr\u00f3nico<\/span>\n\t\t\t\t\t<\/span>\n\t\t\t\t\t<\/a>\n\t\t\t\t<\/div>\n\t\t\t\t\t\t\t\t<\/div>\n\t\t\t\t<\/div>\n\t\t\t\t<div class=\"elementor-element elementor-element-0f20a06 elementor-align-left elementor-widget elementor-widget-button\" data-id=\"0f20a06\" data-element_type=\"widget\" data-e-type=\"widget\" data-widget_type=\"button.default\">\n\t\t\t\t<div class=\"elementor-widget-container\">\n\t\t\t\t\t\t\t\t\t<div class=\"elementor-button-wrapper\">\n\t\t\t\t\t<a class=\"elementor-button elementor-button-link elementor-size-sm elementor-animation-grow\" href=\"https:\/\/v1.chantnow.com\/es\/join\/\" id=\"button_chant\">\n\t\t\t\t\t\t<span class=\"elementor-button-content-wrapper\">\n\t\t\t\t\t\t<span class=\"elementor-button-icon\">\n\t\t\t\t<i aria-hidden=\"true\" class=\"fas fa-people-arrows\"><\/i>\t\t\t<\/span>\n\t\t\t\t\t\t\t\t\t<span class=\"elementor-button-text\">\u00danase a nuestra comunidad mundial<\/span>\n\t\t\t\t\t<\/span>\n\t\t\t\t\t<\/a>\n\t\t\t\t<\/div>\n\t\t\t\t\t\t\t\t<\/div>\n\t\t\t\t<\/div>\n\t\t\t\t<\/div>\n\t\t\t\t\t<\/div>\n\t\t\t\t<\/div>\n\t\t<div class=\"elementor-element elementor-element-bb7f288 e-flex e-con-boxed e-con e-parent\" data-id=\"bb7f288\" data-element_type=\"container\" data-e-type=\"container\">\n\t\t\t\t\t<div class=\"e-con-inner\">\n\t\t\t\t\t<\/div>\n\t\t\t\t<\/div>\n\t\t<div class=\"elementor-element elementor-element-1f540b8 e-flex e-con-boxed e-con e-parent\" data-id=\"1f540b8\" data-element_type=\"container\" data-e-type=\"container\">\n\t\t\t\t\t<div class=\"e-con-inner\">\n\t\t\t\t\t<\/div>\n\t\t\t\t<\/div>\n\t\t\t\t<\/div>","protected":false},"excerpt":{"rendered":"<p>Chant Now We focus on making Bhakti-Yoga easily accessible through online education. Subscribe to kirtan Weekly Facebook Instagram Youtube Start Mantra with Meditation Join Coaching Session Free Chanting Course Email Join Our Global Community<\/p>","protected":false},"author":445,"featured_media":0,"parent":0,"menu_order":0,"comment_status":"closed","ping_status":"closed","template":"","meta":{"content-type":"","pmpro_default_level":"","_kad_post_transparent":"","_kad_post_title":"","_kad_post_layout":"","_kad_post_sidebar_id":"","_kad_post_content_style":"","_kad_post_vertical_padding":"","_kad_post_feature":"","_kad_post_feature_position":"","_kad_post_header":false,"_kad_post_footer":false,"_kad_post_classname":"","footnotes":""},"class_list":["post-39106","page","type-page","status-publish","hentry","pmpro-has-access"],"yoast_head":"<!-- This site is optimized with the Yoast SEO plugin v26.4 - https:\/\/yoast.com\/wordpress\/plugins\/seo\/ -->\n<title>Biolinks - Chant Now<\/title>\n<meta name=\"description\" content=\"Be directed to our social media channels and all of the services we offer. Peace and happiness though mantra meditation.\" \/>\n<meta name=\"robots\" content=\"index, follow, max-snippet:-1, max-image-preview:large, max-video-preview:-1\" \/>\n<link rel=\"canonical\" href=\"https:\/\/v1.chantnow.com\/es\/biolinks\/\" \/>\n<meta property=\"og:locale\" content=\"es_ES\" \/>\n<meta property=\"og:type\" content=\"article\" \/>\n<meta property=\"og:title\" content=\"Biolinks - Chant Now\" \/>\n<meta property=\"og:description\" content=\"Be directed to our social media channels and all of the services we offer. Peace and happiness though mantra meditation.\" \/>\n<meta property=\"og:url\" content=\"https:\/\/v1.chantnow.com\/es\/biolinks\/\" \/>\n<meta property=\"og:site_name\" content=\"Chant Now\" \/>\n<meta property=\"article:modified_time\" content=\"2023-10-27T03:51:53+00:00\" \/>\n<meta property=\"og:image\" content=\"https:\/\/v1.chantnow.com\/wp-content\/uploads\/2023\/07\/chant-now-logo-circle.png\" \/>\n<meta name=\"twitter:card\" content=\"summary_large_image\" \/>\n<meta name=\"twitter:label1\" content=\"Tiempo de lectura\" \/>\n\t<meta name=\"twitter:data1\" content=\"1 minuto\" \/>\n<script type=\"application\/ld+json\" class=\"yoast-schema-graph\">{\"@context\":\"https:\/\/schema.org\",\"@graph\":[{\"@type\":\"WebPage\",\"@id\":\"https:\/\/v1.chantnow.com\/biolinks\/\",\"url\":\"https:\/\/v1.chantnow.com\/biolinks\/\",\"name\":\"Biolinks - Chant Now\",\"isPartOf\":{\"@id\":\"https:\/\/chantnow.com\/es\/#website\"},\"primaryImageOfPage\":{\"@id\":\"https:\/\/v1.chantnow.com\/biolinks\/#primaryimage\"},\"image\":{\"@id\":\"https:\/\/v1.chantnow.com\/biolinks\/#primaryimage\"},\"thumbnailUrl\":\"https:\/\/v1.chantnow.com\/wp-content\/uploads\/2023\/07\/chant-now-logo-circle.png\",\"datePublished\":\"2023-10-05T17:07:24+00:00\",\"dateModified\":\"2023-10-27T03:51:53+00:00\",\"description\":\"Be directed to our social media channels and all of the services we offer. Peace and happiness though mantra meditation.\",\"inLanguage\":\"es\",\"potentialAction\":[{\"@type\":\"ReadAction\",\"target\":[\"https:\/\/v1.chantnow.com\/biolinks\/\"]}]},{\"@type\":\"ImageObject\",\"inLanguage\":\"es\",\"@id\":\"https:\/\/v1.chantnow.com\/biolinks\/#primaryimage\",\"url\":\"https:\/\/v1.chantnow.com\/wp-content\/uploads\/2023\/07\/chant-now-logo-circle.png\",\"contentUrl\":\"https:\/\/v1.chantnow.com\/wp-content\/uploads\/2023\/07\/chant-now-logo-circle.png\"},{\"@type\":\"WebSite\",\"@id\":\"https:\/\/chantnow.com\/es\/#website\",\"url\":\"https:\/\/chantnow.com\/es\/\",\"name\":\"Chant Now\",\"description\":\"Online Bhakti Community\",\"publisher\":{\"@id\":\"https:\/\/chantnow.com\/es\/#organization\"},\"potentialAction\":[{\"@type\":\"SearchAction\",\"target\":{\"@type\":\"EntryPoint\",\"urlTemplate\":\"https:\/\/chantnow.com\/es\/?s={search_term_string}\"},\"query-input\":{\"@type\":\"PropertyValueSpecification\",\"valueRequired\":true,\"valueName\":\"search_term_string\"}}],\"inLanguage\":\"es\"},{\"@type\":\"Organization\",\"@id\":\"https:\/\/chantnow.com\/es\/#organization\",\"name\":\"Chant Now\",\"url\":\"https:\/\/chantnow.com\/es\/\",\"logo\":{\"@type\":\"ImageObject\",\"inLanguage\":\"es\",\"@id\":\"https:\/\/chantnow.com\/es\/#\/schema\/logo\/image\/\",\"url\":\"https:\/\/v1.chantnow.com\/wp-content\/uploads\/2023\/07\/chant-now-logo-circle.png\",\"contentUrl\":\"https:\/\/v1.chantnow.com\/wp-content\/uploads\/2023\/07\/chant-now-logo-circle.png\",\"width\":251,\"height\":251,\"caption\":\"Chant Now\"},\"image\":{\"@id\":\"https:\/\/chantnow.com\/es\/#\/schema\/logo\/image\/\"}}]}<\/script>\n<!-- \/ Yoast SEO plugin. -->","yoast_head_json":{"title":"Biolinks - Canta ya","description":"Dir\u00edgete a nuestros canales de medios sociales y a todos los servicios que ofrecemos. Paz y felicidad a trav\u00e9s de la meditaci\u00f3n con mantras.","robots":{"index":"index","follow":"follow","max-snippet":"max-snippet:-1","max-image-preview":"max-image-preview:large","max-video-preview":"max-video-preview:-1"},"canonical":"https:\/\/v1.chantnow.com\/es\/biolinks\/","og_locale":"es_ES","og_type":"article","og_title":"Biolinks - Chant Now","og_description":"Be directed to our social media channels and all of the services we offer. Peace and happiness though mantra meditation.","og_url":"https:\/\/v1.chantnow.com\/es\/biolinks\/","og_site_name":"Chant Now","article_modified_time":"2023-10-27T03:51:53+00:00","og_image":[{"url":"https:\/\/v1.chantnow.com\/wp-content\/uploads\/2023\/07\/chant-now-logo-circle.png","type":"","width":"","height":""}],"twitter_card":"summary_large_image","twitter_misc":{"Tiempo de lectura":"1 minuto"},"schema":{"@context":"https:\/\/schema.org","@graph":[{"@type":"WebPage","@id":"https:\/\/v1.chantnow.com\/biolinks\/","url":"https:\/\/v1.chantnow.com\/biolinks\/","name":"Biolinks - Canta ya","isPartOf":{"@id":"https:\/\/chantnow.com\/es\/#website"},"primaryImageOfPage":{"@id":"https:\/\/v1.chantnow.com\/biolinks\/#primaryimage"},"image":{"@id":"https:\/\/v1.chantnow.com\/biolinks\/#primaryimage"},"thumbnailUrl":"https:\/\/v1.chantnow.com\/wp-content\/uploads\/2023\/07\/chant-now-logo-circle.png","datePublished":"2023-10-05T17:07:24+00:00","dateModified":"2023-10-27T03:51:53+00:00","description":"Dir\u00edgete a nuestros canales de medios sociales y a todos los servicios que ofrecemos. Paz y felicidad a trav\u00e9s de la meditaci\u00f3n con mantras.","inLanguage":"es","potentialAction":[{"@type":"ReadAction","target":["https:\/\/v1.chantnow.com\/biolinks\/"]}]},{"@type":"ImageObject","inLanguage":"es","@id":"https:\/\/v1.chantnow.com\/biolinks\/#primaryimage","url":"https:\/\/v1.chantnow.com\/wp-content\/uploads\/2023\/07\/chant-now-logo-circle.png","contentUrl":"https:\/\/v1.chantnow.com\/wp-content\/uploads\/2023\/07\/chant-now-logo-circle.png"},{"@type":"WebSite","@id":"https:\/\/chantnow.com\/es\/#website","url":"https:\/\/chantnow.com\/es\/","name":"Cantar ahora","description":"Comunidad Bhakti en l\u00ednea","publisher":{"@id":"https:\/\/chantnow.com\/es\/#organization"},"potentialAction":[{"@type":"SearchAction","target":{"@type":"EntryPoint","urlTemplate":"https:\/\/chantnow.com\/es\/?s={search_term_string}"},"query-input":{"@type":"PropertyValueSpecification","valueRequired":true,"valueName":"search_term_string"}}],"inLanguage":"es"},{"@type":"Organization","@id":"https:\/\/chantnow.com\/es\/#organization","name":"Cantar ahora","url":"https:\/\/chantnow.com\/es\/","logo":{"@type":"ImageObject","inLanguage":"es","@id":"https:\/\/chantnow.com\/es\/#\/schema\/logo\/image\/","url":"https:\/\/v1.chantnow.com\/wp-content\/uploads\/2023\/07\/chant-now-logo-circle.png","contentUrl":"https:\/\/v1.chantnow.com\/wp-content\/uploads\/2023\/07\/chant-now-logo-circle.png","width":251,"height":251,"caption":"Chant Now"},"image":{"@id":"https:\/\/chantnow.com\/es\/#\/schema\/logo\/image\/"}}]}},"_links":{"self":[{"href":"https:\/\/v1.chantnow.com\/es\/wp-json\/wp\/v2\/pages\/39106","targetHints":{"allow":["GET"]}}],"collection":[{"href":"https:\/\/v1.chantnow.com\/es\/wp-json\/wp\/v2\/pages"}],"about":[{"href":"https:\/\/v1.chantnow.com\/es\/wp-json\/wp\/v2\/types\/page"}],"author":[{"embeddable":true,"href":"https:\/\/v1.chantnow.com\/es\/wp-json\/wp\/v2\/users\/445"}],"replies":[{"embeddable":true,"href":"https:\/\/v1.chantnow.com\/es\/wp-json\/wp\/v2\/comments?post=39106"}],"version-history":[{"count":214,"href":"https:\/\/v1.chantnow.com\/es\/wp-json\/wp\/v2\/pages\/39106\/revisions"}],"predecessor-version":[{"id":39701,"href":"https:\/\/v1.chantnow.com\/es\/wp-json\/wp\/v2\/pages\/39106\/revisions\/39701"}],"wp:attachment":[{"href":"https:\/\/v1.chantnow.com\/es\/wp-json\/wp\/v2\/media?parent=39106"}],"curies":[{"name":"wp","href":"https:\/\/api.w.org\/{rel}","templated":true}]}}