{"id":42468,"date":"2024-09-13T08:41:29","date_gmt":"2024-09-13T12:41:29","guid":{"rendered":"https:\/\/v1.chantnow.com\/?page_id=42468"},"modified":"2024-09-13T08:58:07","modified_gmt":"2024-09-13T12:58:07","slug":"orientation","status":"publish","type":"page","link":"https:\/\/v1.chantnow.com\/es\/orientation\/","title":{"rendered":"Orientaci\u00f3n para nuevos miembros"},"content":{"rendered":"<div data-elementor-type=\"wp-page\" data-elementor-id=\"42468\" class=\"elementor elementor-42468\" data-elementor-post-type=\"page\">\n\t\t\t\t<div class=\"elementor-element elementor-element-c0373c2 e-flex e-con-boxed e-con e-parent\" data-id=\"c0373c2\" data-element_type=\"container\" data-e-type=\"container\">\n\t\t\t\t\t<div class=\"e-con-inner\">\n\t\t\t\t<div class=\"elementor-element elementor-element-58b8020 elementor-widget elementor-widget-heading\" data-id=\"58b8020\" data-element_type=\"widget\" data-e-type=\"widget\" data-widget_type=\"heading.default\">\n\t\t\t\t<div class=\"elementor-widget-container\">\n\t\t\t\t\t<h2 class=\"elementor-heading-title elementor-size-default\">Bienvenido.<\/h2>\t\t\t\t<\/div>\n\t\t\t\t<\/div>\n\t\t\t\t\t<\/div>\n\t\t\t\t<\/div>\n\t\t<div class=\"elementor-element elementor-element-f2106a7 e-flex e-con-boxed e-con e-parent\" data-id=\"f2106a7\" data-element_type=\"container\" data-e-type=\"container\">\n\t\t\t\t\t<div class=\"e-con-inner\">\n\t\t\t\t<div class=\"elementor-element elementor-element-89cbe8b elementor-widget elementor-widget-text-editor\" data-id=\"89cbe8b\" data-element_type=\"widget\" data-e-type=\"widget\" data-widget_type=\"text-editor.default\">\n\t\t\t\t<div class=\"elementor-widget-container\">\n\t\t\t\t\t\t\t\t\t<p>\u00a1Enhorabuena! Has dado el primer paso para formar parte de esta maravillosa comunidad espiritual haci\u00e9ndote miembro e iniciando sesi\u00f3n.\u00a0\u00a0<\/p><p>Cuando vuelvas a nuestro sitio, aterrizar\u00e1s en tu panel de control, donde podr\u00e1s retomar los cursos en los que te hayas matriculado.\u00a0<\/p>\t\t\t\t\t\t\t\t<\/div>\n\t\t\t\t<\/div>\n\t\t\t\t\t<\/div>\n\t\t\t\t<\/div>\n\t\t<div class=\"elementor-element elementor-element-a161d3d e-flex e-con-boxed e-con e-parent\" data-id=\"a161d3d\" data-element_type=\"container\" data-e-type=\"container\">\n\t\t\t\t\t<div class=\"e-con-inner\">\n\t\t\t\t<div class=\"elementor-element elementor-element-63eb0c1 elementor-widget elementor-widget-heading\" data-id=\"63eb0c1\" data-element_type=\"widget\" data-e-type=\"widget\" data-widget_type=\"heading.default\">\n\t\t\t\t<div class=\"elementor-widget-container\">\n\t\t\t\t\t<h2 class=\"elementor-heading-title elementor-size-default\">Explore nuestros cursos gratuitos<\/h2>\t\t\t\t<\/div>\n\t\t\t\t<\/div>\n\t\t\t\t<div class=\"elementor-element elementor-element-733c14e elementor-widget elementor-widget-text-editor\" data-id=\"733c14e\" data-element_type=\"widget\" data-e-type=\"widget\" data-widget_type=\"text-editor.default\">\n\t\t\t\t<div class=\"elementor-widget-container\">\n\t\t\t\t\t\t\t\t\t<p>Chant Now es todo aprendizaje. Le invitamos a empezar con nuestros cursos gratuitos Explorer. Haga clic en el curso de abajo para unirse. Tambi\u00e9n puede encontrar todos nuestros cursos a trav\u00e9s del men\u00fa.<\/p>\t\t\t\t\t\t\t\t<\/div>\n\t\t\t\t<\/div>\n\t\t\t\t\t<\/div>\n\t\t\t\t<\/div>\n\t\t<div class=\"elementor-element elementor-element-da8f3ff e-flex e-con-boxed e-con e-parent\" data-id=\"da8f3ff\" data-element_type=\"container\" data-e-type=\"container\">\n\t\t\t\t\t<div class=\"e-con-inner\">\n\t\t\t\t<div class=\"elementor-element elementor-element-329f8be elementor-widget elementor-widget-heading\" data-id=\"329f8be\" data-element_type=\"widget\" data-e-type=\"widget\" data-widget_type=\"heading.default\">\n\t\t\t\t<div class=\"elementor-widget-container\">\n\t\t\t\t\t<h2 class=\"elementor-heading-title elementor-size-default\">\u00a1Bienvenido a bordo!<\/h2>\t\t\t\t<\/div>\n\t\t\t\t<\/div>\n\t\t\t\t<div class=\"elementor-element elementor-element-285e755 elementor-widget elementor-widget-text-editor\" data-id=\"285e755\" data-element_type=\"widget\" data-e-type=\"widget\" data-widget_type=\"text-editor.default\">\n\t\t\t\t<div class=\"elementor-widget-container\">\n\t\t\t\t\t\t\t\t\tHemos intentado que nuestro sitio sea f\u00e1cil de usar y esperamos que esta orientaci\u00f3n le haya ayudado. No dude en ponerse en contacto con nosotros si tiene alguna pregunta o problema con el sitio.\n\nEsperamos poder servirle en su viaje espiritual.\n\t\t\t\t\t\t\t\t<\/div>\n\t\t\t\t<\/div>\n\t\t\t\t<div class=\"elementor-element elementor-element-3963a09 elementor-button-info contact-new-style elementor-widget elementor-widget-button\" data-id=\"3963a09\" data-element_type=\"widget\" data-e-type=\"widget\" data-widget_type=\"button.default\">\n\t\t\t\t<div class=\"elementor-widget-container\">\n\t\t\t\t\t\t\t\t\t<div class=\"elementor-button-wrapper\">\n\t\t\t\t\t<a class=\"elementor-button elementor-button-link elementor-size-xs\" href=\"https:\/\/v1.chantnow.com\/es\/contact-us\/\" id=\"button-contact\">\n\t\t\t\t\t\t<span class=\"elementor-button-content-wrapper\">\n\t\t\t\t\t\t\t\t\t<span class=\"elementor-button-text\">P\u00f3ngase en contacto con<\/span>\n\t\t\t\t\t<\/span>\n\t\t\t\t\t<\/a>\n\t\t\t\t<\/div>\n\t\t\t\t\t\t\t\t<\/div>\n\t\t\t\t<\/div>\n\t\t\t\t\t<\/div>\n\t\t\t\t<\/div>\n\t\t\t\t<\/div>","protected":false},"excerpt":{"rendered":"<p>Welcome! Congratulations! You&#8217;ve accomplished the first step of being part of this wonderful spiritual community by becoming a member and logging in.\u00a0\u00a0 When you return to our site you will land on your dashboard where you can pick up on any courses you have enrolled in.\u00a0 Explore our free courses Chant Now is all about&#8230;<\/p>","protected":false},"author":23,"featured_media":0,"parent":0,"menu_order":0,"comment_status":"closed","ping_status":"closed","template":"elementor_header_footer","meta":{"content-type":"","pmpro_default_level":"","_kad_post_transparent":"","_kad_post_title":"","_kad_post_layout":"","_kad_post_sidebar_id":"","_kad_post_content_style":"","_kad_post_vertical_padding":"","_kad_post_feature":"","_kad_post_feature_position":"","_kad_post_header":false,"_kad_post_footer":false,"_kad_post_classname":"","footnotes":""},"class_list":["post-42468","page","type-page","status-publish","hentry","pmpro-has-access"],"yoast_head":"<!-- This site is optimized with the Yoast SEO plugin v26.4 - https:\/\/yoast.com\/wordpress\/plugins\/seo\/ -->\n<title>New Member Orientation - Chant Now<\/title>\n<meta name=\"robots\" content=\"index, follow, max-snippet:-1, max-image-preview:large, max-video-preview:-1\" \/>\n<link rel=\"canonical\" href=\"https:\/\/v1.chantnow.com\/es\/orientation\/\" \/>\n<meta property=\"og:locale\" content=\"es_ES\" \/>\n<meta property=\"og:type\" content=\"article\" \/>\n<meta property=\"og:title\" content=\"New Member Orientation - Chant Now\" \/>\n<meta property=\"og:description\" content=\"Welcome! Congratulations! You&#8217;ve accomplished the first step of being part of this wonderful spiritual community by becoming a member and logging in.\u00a0\u00a0 When you return to our site you will land on your dashboard where you can pick up on any courses you have enrolled in.\u00a0 Explore our free courses Chant Now is all about...\" \/>\n<meta property=\"og:url\" content=\"https:\/\/v1.chantnow.com\/es\/orientation\/\" \/>\n<meta property=\"og:site_name\" content=\"Chant Now\" \/>\n<meta property=\"article:modified_time\" content=\"2024-09-13T12:58:07+00:00\" \/>\n<meta property=\"og:image\" content=\"https:\/\/v1.chantnow.com\/wp-content\/uploads\/2022\/03\/7-day-chanting-300x150.png\" \/>\n<meta name=\"twitter:card\" content=\"summary_large_image\" \/>\n<meta name=\"twitter:label1\" content=\"Tiempo de lectura\" \/>\n\t<meta name=\"twitter:data1\" content=\"3 minutos\" \/>\n<script type=\"application\/ld+json\" class=\"yoast-schema-graph\">{\"@context\":\"https:\/\/schema.org\",\"@graph\":[{\"@type\":\"WebPage\",\"@id\":\"https:\/\/v1.chantnow.com\/orientation\/\",\"url\":\"https:\/\/v1.chantnow.com\/orientation\/\",\"name\":\"New Member Orientation - Chant Now\",\"isPartOf\":{\"@id\":\"https:\/\/chantnow.com\/es\/#website\"},\"primaryImageOfPage\":{\"@id\":\"https:\/\/v1.chantnow.com\/orientation\/#primaryimage\"},\"image\":{\"@id\":\"https:\/\/v1.chantnow.com\/orientation\/#primaryimage\"},\"thumbnailUrl\":\"https:\/\/v1.chantnow.com\/wp-content\/uploads\/2022\/03\/7-day-chanting-300x150.png\",\"datePublished\":\"2024-09-13T12:41:29+00:00\",\"dateModified\":\"2024-09-13T12:58:07+00:00\",\"breadcrumb\":{\"@id\":\"https:\/\/v1.chantnow.com\/orientation\/#breadcrumb\"},\"inLanguage\":\"es\",\"potentialAction\":[{\"@type\":\"ReadAction\",\"target\":[\"https:\/\/v1.chantnow.com\/orientation\/\"]}]},{\"@type\":\"ImageObject\",\"inLanguage\":\"es\",\"@id\":\"https:\/\/v1.chantnow.com\/orientation\/#primaryimage\",\"url\":\"https:\/\/v1.chantnow.com\/wp-content\/uploads\/2022\/03\/7-day-chanting-300x150.png\",\"contentUrl\":\"https:\/\/v1.chantnow.com\/wp-content\/uploads\/2022\/03\/7-day-chanting-300x150.png\"},{\"@type\":\"BreadcrumbList\",\"@id\":\"https:\/\/v1.chantnow.com\/orientation\/#breadcrumb\",\"itemListElement\":[{\"@type\":\"ListItem\",\"position\":1,\"name\":\"Home\",\"item\":\"https:\/\/v1.chantnow.com\/\"},{\"@type\":\"ListItem\",\"position\":2,\"name\":\"New Member Orientation\"}]},{\"@type\":\"WebSite\",\"@id\":\"https:\/\/chantnow.com\/es\/#website\",\"url\":\"https:\/\/chantnow.com\/es\/\",\"name\":\"Chant Now\",\"description\":\"Online Bhakti Community\",\"publisher\":{\"@id\":\"https:\/\/chantnow.com\/es\/#organization\"},\"potentialAction\":[{\"@type\":\"SearchAction\",\"target\":{\"@type\":\"EntryPoint\",\"urlTemplate\":\"https:\/\/chantnow.com\/es\/?s={search_term_string}\"},\"query-input\":{\"@type\":\"PropertyValueSpecification\",\"valueRequired\":true,\"valueName\":\"search_term_string\"}}],\"inLanguage\":\"es\"},{\"@type\":\"Organization\",\"@id\":\"https:\/\/chantnow.com\/es\/#organization\",\"name\":\"Chant Now\",\"url\":\"https:\/\/chantnow.com\/es\/\",\"logo\":{\"@type\":\"ImageObject\",\"inLanguage\":\"es\",\"@id\":\"https:\/\/chantnow.com\/es\/#\/schema\/logo\/image\/\",\"url\":\"https:\/\/v1.chantnow.com\/wp-content\/uploads\/2023\/07\/chant-now-logo-circle.png\",\"contentUrl\":\"https:\/\/v1.chantnow.com\/wp-content\/uploads\/2023\/07\/chant-now-logo-circle.png\",\"width\":251,\"height\":251,\"caption\":\"Chant Now\"},\"image\":{\"@id\":\"https:\/\/chantnow.com\/es\/#\/schema\/logo\/image\/\"}}]}<\/script>\n<!-- \/ Yoast SEO plugin. -->","yoast_head_json":{"title":"Orientaci\u00f3n para nuevos miembros - Chant Now","robots":{"index":"index","follow":"follow","max-snippet":"max-snippet:-1","max-image-preview":"max-image-preview:large","max-video-preview":"max-video-preview:-1"},"canonical":"https:\/\/v1.chantnow.com\/es\/orientation\/","og_locale":"es_ES","og_type":"article","og_title":"New Member Orientation - Chant Now","og_description":"Welcome! Congratulations! You&#8217;ve accomplished the first step of being part of this wonderful spiritual community by becoming a member and logging in.\u00a0\u00a0 When you return to our site you will land on your dashboard where you can pick up on any courses you have enrolled in.\u00a0 Explore our free courses Chant Now is all about...","og_url":"https:\/\/v1.chantnow.com\/es\/orientation\/","og_site_name":"Chant Now","article_modified_time":"2024-09-13T12:58:07+00:00","og_image":[{"url":"https:\/\/v1.chantnow.com\/wp-content\/uploads\/2022\/03\/7-day-chanting-300x150.png","type":"","width":"","height":""}],"twitter_card":"summary_large_image","twitter_misc":{"Tiempo de lectura":"3 minutos"},"schema":{"@context":"https:\/\/schema.org","@graph":[{"@type":"WebPage","@id":"https:\/\/v1.chantnow.com\/orientation\/","url":"https:\/\/v1.chantnow.com\/orientation\/","name":"Orientaci\u00f3n para nuevos miembros - Chant Now","isPartOf":{"@id":"https:\/\/chantnow.com\/es\/#website"},"primaryImageOfPage":{"@id":"https:\/\/v1.chantnow.com\/orientation\/#primaryimage"},"image":{"@id":"https:\/\/v1.chantnow.com\/orientation\/#primaryimage"},"thumbnailUrl":"https:\/\/v1.chantnow.com\/wp-content\/uploads\/2022\/03\/7-day-chanting-300x150.png","datePublished":"2024-09-13T12:41:29+00:00","dateModified":"2024-09-13T12:58:07+00:00","breadcrumb":{"@id":"https:\/\/v1.chantnow.com\/orientation\/#breadcrumb"},"inLanguage":"es","potentialAction":[{"@type":"ReadAction","target":["https:\/\/v1.chantnow.com\/orientation\/"]}]},{"@type":"ImageObject","inLanguage":"es","@id":"https:\/\/v1.chantnow.com\/orientation\/#primaryimage","url":"https:\/\/v1.chantnow.com\/wp-content\/uploads\/2022\/03\/7-day-chanting-300x150.png","contentUrl":"https:\/\/v1.chantnow.com\/wp-content\/uploads\/2022\/03\/7-day-chanting-300x150.png"},{"@type":"BreadcrumbList","@id":"https:\/\/v1.chantnow.com\/orientation\/#breadcrumb","itemListElement":[{"@type":"ListItem","position":1,"name":"Home","item":"https:\/\/v1.chantnow.com\/"},{"@type":"ListItem","position":2,"name":"New Member Orientation"}]},{"@type":"WebSite","@id":"https:\/\/chantnow.com\/es\/#website","url":"https:\/\/chantnow.com\/es\/","name":"Cantar ahora","description":"Comunidad Bhakti en l\u00ednea","publisher":{"@id":"https:\/\/chantnow.com\/es\/#organization"},"potentialAction":[{"@type":"SearchAction","target":{"@type":"EntryPoint","urlTemplate":"https:\/\/chantnow.com\/es\/?s={search_term_string}"},"query-input":{"@type":"PropertyValueSpecification","valueRequired":true,"valueName":"search_term_string"}}],"inLanguage":"es"},{"@type":"Organization","@id":"https:\/\/chantnow.com\/es\/#organization","name":"Cantar ahora","url":"https:\/\/chantnow.com\/es\/","logo":{"@type":"ImageObject","inLanguage":"es","@id":"https:\/\/chantnow.com\/es\/#\/schema\/logo\/image\/","url":"https:\/\/v1.chantnow.com\/wp-content\/uploads\/2023\/07\/chant-now-logo-circle.png","contentUrl":"https:\/\/v1.chantnow.com\/wp-content\/uploads\/2023\/07\/chant-now-logo-circle.png","width":251,"height":251,"caption":"Chant Now"},"image":{"@id":"https:\/\/chantnow.com\/es\/#\/schema\/logo\/image\/"}}]}},"_links":{"self":[{"href":"https:\/\/v1.chantnow.com\/es\/wp-json\/wp\/v2\/pages\/42468","targetHints":{"allow":["GET"]}}],"collection":[{"href":"https:\/\/v1.chantnow.com\/es\/wp-json\/wp\/v2\/pages"}],"about":[{"href":"https:\/\/v1.chantnow.com\/es\/wp-json\/wp\/v2\/types\/page"}],"author":[{"embeddable":true,"href":"https:\/\/v1.chantnow.com\/es\/wp-json\/wp\/v2\/users\/23"}],"replies":[{"embeddable":true,"href":"https:\/\/v1.chantnow.com\/es\/wp-json\/wp\/v2\/comments?post=42468"}],"version-history":[{"count":10,"href":"https:\/\/v1.chantnow.com\/es\/wp-json\/wp\/v2\/pages\/42468\/revisions"}],"predecessor-version":[{"id":42479,"href":"https:\/\/v1.chantnow.com\/es\/wp-json\/wp\/v2\/pages\/42468\/revisions\/42479"}],"wp:attachment":[{"href":"https:\/\/v1.chantnow.com\/es\/wp-json\/wp\/v2\/media?parent=42468"}],"curies":[{"name":"wp","href":"https:\/\/api.w.org\/{rel}","templated":true}]}}